{"id":975,"date":"2021-06-04T18:09:49","date_gmt":"2021-06-05T01:09:49","guid":{"rendered":"https:\/\/cardenasmarket.wpengine.com\/?page_id=975"},"modified":"2021-06-04T18:09:59","modified_gmt":"2021-06-05T01:09:59","slug":"declaracion-de-la-ada","status":"publish","type":"page","link":"https:\/\/www.cardenasmarkets.com\/es\/declaracion-de-la-ada\/","title":{"rendered":"Declaraci\u00f3n de la ADA"},"content":{"rendered":"\n<p>Cardenas Markets, LLC est\u00e1 comprometida con crear y mantener nuestro sitio web para que pueda ser accesible para todos los clientes, incluidos aquellos con discapacidades. Hemos tomado una serie de medidas para mejorar nuestro sitio web, aumentando su facilidad de uso mediante la implementaci\u00f3n de tecnolog\u00eda de asistencia. Nuestro sitio web se rige por los Lineamientos de accesibilidad al contenido web (WCAG) 2.0 Nivel AA (\u00abLineamiento\u00bb), y mantenemos nuestro sitio web en sustancial conformidad con este Lineamiento. Estamos comprometidos a brindar experiencias accesibles a trav\u00e9s de nuestros esfuerzos continuos con el prop\u00f3sito de mejorar nuestras propiedades digitales. Si tiene dificultades para acceder o utilizar nuestro sitio web, comun\u00edquese con el (909) 923-7426 o <a href=\"mailto:service@cmkts.com\">service@cmkts.com<\/a> para obtener m\u00e1s ayuda y\/o comentarios.<\/p>\n","protected":false},"excerpt":{"rendered":"<p>Cardenas Markets, LLC est\u00e1 comprometida con crear y mantener nuestro sitio web para que pueda ser accesible para todos los clientes, incluidos aquellos con discapacidades. Hemos tomado una serie de medidas para mejorar nuestro sitio web, aumentando su facilidad de uso mediante la implementaci\u00f3n de tecnolog\u00eda de asistencia. Nuestro sitio web se rige por los [&hellip;]<\/p>\n","protected":false},"author":3,"featured_media":0,"parent":0,"menu_order":0,"comment_status":"closed","ping_status":"closed","template":"","meta":{"_acf_changed":false,"inline_featured_image":false,"footnotes":""},"class_list":["post-975","page","type-page","status-publish","hentry"],"acf":[],"yoast_head":"<!-- This site is optimized with the Yoast SEO plugin v27.4 - https:\/\/yoast.com\/product\/yoast-seo-wordpress\/ -->\n<title>Declaraci\u00f3n de la ADA - Cardenas Markets<\/title>\n<meta name=\"robots\" content=\"index, follow, max-snippet:-1, max-image-preview:large, max-video-preview:-1\" \/>\n<link rel=\"canonical\" href=\"https:\/\/www.cardenasmarkets.com\/website-accessibility\/\" \/>\n<meta property=\"og:locale\" content=\"es_ES\" \/>\n<meta property=\"og:type\" content=\"article\" \/>\n<meta property=\"og:title\" content=\"Declaraci\u00f3n de la ADA - Cardenas Markets\" \/>\n<meta property=\"og:description\" content=\"Cardenas Markets, LLC est\u00e1 comprometida con crear y mantener nuestro sitio web para que pueda ser accesible para todos los clientes, incluidos aquellos con discapacidades. Hemos tomado una serie de medidas para mejorar nuestro sitio web, aumentando su facilidad de uso mediante la implementaci\u00f3n de tecnolog\u00eda de asistencia. Nuestro sitio web se rige por los [&hellip;]\" \/>\n<meta property=\"og:url\" content=\"https:\/\/www.cardenasmarkets.com\/website-accessibility\/\" \/>\n<meta property=\"og:site_name\" content=\"Cardenas Markets\" \/>\n<meta property=\"article:modified_time\" content=\"2021-06-05T01:09:59+00:00\" \/>\n<meta name=\"twitter:card\" content=\"summary_large_image\" \/>\n<meta name=\"twitter:label1\" content=\"Est. reading time\" \/>\n\t<meta name=\"twitter:data1\" content=\"1 minuto\" \/>\n<script type=\"application\/ld+json\" class=\"yoast-schema-graph\">{\"@context\":\"https:\\\/\\\/schema.org\",\"@graph\":[{\"@type\":\"WebPage\",\"@id\":\"https:\\\/\\\/www.cardenasmarkets.com\\\/website-accessibility\\\/\",\"url\":\"https:\\\/\\\/www.cardenasmarkets.com\\\/website-accessibility\\\/\",\"name\":\"Declaraci\u00f3n de la ADA - Cardenas Markets\",\"isPartOf\":{\"@id\":\"https:\\\/\\\/www.cardenasmarkets.com\\\/es\\\/#website\"},\"datePublished\":\"2021-06-05T01:09:49+00:00\",\"dateModified\":\"2021-06-05T01:09:59+00:00\",\"breadcrumb\":{\"@id\":\"https:\\\/\\\/www.cardenasmarkets.com\\\/website-accessibility\\\/#breadcrumb\"},\"inLanguage\":\"es\",\"potentialAction\":[{\"@type\":\"ReadAction\",\"target\":[\"https:\\\/\\\/www.cardenasmarkets.com\\\/website-accessibility\\\/\"]}]},{\"@type\":\"BreadcrumbList\",\"@id\":\"https:\\\/\\\/www.cardenasmarkets.com\\\/website-accessibility\\\/#breadcrumb\",\"itemListElement\":[{\"@type\":\"ListItem\",\"position\":1,\"name\":\"Home\",\"item\":\"https:\\\/\\\/www.cardenasmarkets.com\\\/es\\\/\"},{\"@type\":\"ListItem\",\"position\":2,\"name\":\"Declaraci\u00f3n de la ADA\"}]},{\"@type\":\"WebSite\",\"@id\":\"https:\\\/\\\/www.cardenasmarkets.com\\\/es\\\/#website\",\"url\":\"https:\\\/\\\/www.cardenasmarkets.com\\\/es\\\/\",\"name\":\"Cardenas Markets\",\"description\":\"\",\"potentialAction\":[{\"@type\":\"SearchAction\",\"target\":{\"@type\":\"EntryPoint\",\"urlTemplate\":\"https:\\\/\\\/www.cardenasmarkets.com\\\/es\\\/?s={search_term_string}\"},\"query-input\":{\"@type\":\"PropertyValueSpecification\",\"valueRequired\":true,\"valueName\":\"search_term_string\"}}],\"inLanguage\":\"es\"}]}<\/script>\n<!-- \/ Yoast SEO plugin. -->","yoast_head_json":{"title":"Declaraci\u00f3n de la ADA - Cardenas Markets","robots":{"index":"index","follow":"follow","max-snippet":"max-snippet:-1","max-image-preview":"max-image-preview:large","max-video-preview":"max-video-preview:-1"},"canonical":"https:\/\/www.cardenasmarkets.com\/website-accessibility\/","og_locale":"es_ES","og_type":"article","og_title":"Declaraci\u00f3n de la ADA - Cardenas Markets","og_description":"Cardenas Markets, LLC est\u00e1 comprometida con crear y mantener nuestro sitio web para que pueda ser accesible para todos los clientes, incluidos aquellos con discapacidades. Hemos tomado una serie de medidas para mejorar nuestro sitio web, aumentando su facilidad de uso mediante la implementaci\u00f3n de tecnolog\u00eda de asistencia. Nuestro sitio web se rige por los [&hellip;]","og_url":"https:\/\/www.cardenasmarkets.com\/website-accessibility\/","og_site_name":"Cardenas Markets","article_modified_time":"2021-06-05T01:09:59+00:00","twitter_card":"summary_large_image","twitter_misc":{"Est. reading time":"1 minuto"},"schema":{"@context":"https:\/\/schema.org","@graph":[{"@type":"WebPage","@id":"https:\/\/www.cardenasmarkets.com\/website-accessibility\/","url":"https:\/\/www.cardenasmarkets.com\/website-accessibility\/","name":"Declaraci\u00f3n de la ADA - Cardenas Markets","isPartOf":{"@id":"https:\/\/www.cardenasmarkets.com\/es\/#website"},"datePublished":"2021-06-05T01:09:49+00:00","dateModified":"2021-06-05T01:09:59+00:00","breadcrumb":{"@id":"https:\/\/www.cardenasmarkets.com\/website-accessibility\/#breadcrumb"},"inLanguage":"es","potentialAction":[{"@type":"ReadAction","target":["https:\/\/www.cardenasmarkets.com\/website-accessibility\/"]}]},{"@type":"BreadcrumbList","@id":"https:\/\/www.cardenasmarkets.com\/website-accessibility\/#breadcrumb","itemListElement":[{"@type":"ListItem","position":1,"name":"Home","item":"https:\/\/www.cardenasmarkets.com\/es\/"},{"@type":"ListItem","position":2,"name":"Declaraci\u00f3n de la ADA"}]},{"@type":"WebSite","@id":"https:\/\/www.cardenasmarkets.com\/es\/#website","url":"https:\/\/www.cardenasmarkets.com\/es\/","name":"Cardenas Markets","description":"","potentialAction":[{"@type":"SearchAction","target":{"@type":"EntryPoint","urlTemplate":"https:\/\/www.cardenasmarkets.com\/es\/?s={search_term_string}"},"query-input":{"@type":"PropertyValueSpecification","valueRequired":true,"valueName":"search_term_string"}}],"inLanguage":"es"}]}},"_links":{"self":[{"href":"https:\/\/www.cardenasmarkets.com\/es\/wp-json\/wp\/v2\/pages\/975","targetHints":{"allow":["GET"]}}],"collection":[{"href":"https:\/\/www.cardenasmarkets.com\/es\/wp-json\/wp\/v2\/pages"}],"about":[{"href":"https:\/\/www.cardenasmarkets.com\/es\/wp-json\/wp\/v2\/types\/page"}],"author":[{"embeddable":true,"href":"https:\/\/www.cardenasmarkets.com\/es\/wp-json\/wp\/v2\/users\/3"}],"replies":[{"embeddable":true,"href":"https:\/\/www.cardenasmarkets.com\/es\/wp-json\/wp\/v2\/comments?post=975"}],"version-history":[{"count":0,"href":"https:\/\/www.cardenasmarkets.com\/es\/wp-json\/wp\/v2\/pages\/975\/revisions"}],"wp:attachment":[{"href":"https:\/\/www.cardenasmarkets.com\/es\/wp-json\/wp\/v2\/media?parent=975"}],"curies":[{"name":"wp","href":"https:\/\/api.w.org\/{rel}","templated":true}]}}