{"id":655,"date":"2021-05-19T16:36:28","date_gmt":"2021-05-19T23:36:28","guid":{"rendered":"https:\/\/cardenasmarket.wpengine.com\/?page_id=655"},"modified":"2021-06-06T14:10:34","modified_gmt":"2021-06-06T21:10:34","slug":"promociones","status":"publish","type":"page","link":"https:\/\/www.cardenasmarkets.com\/es\/sobre-nosotros\/promociones\/","title":{"rendered":"Promociones"},"content":{"rendered":"","protected":false},"excerpt":{"rendered":"<p>\u00a1ESTA ES UNA DE LAS PROMOCIONES MAS BUENAS DE LA TEMPORADA!<\/p>\n<p>Flan y Bebidas GRATIS cuando compras un paquete familiar de pollo de 16 piezas en nuestra cocina. Ver anuncio semanal para m\u00e1s detalles. Las opciones de bebida est\u00e1n sujetas a cambios. Los precios var\u00edan seg\u00fan la regi\u00f3n.<\/p>\n","protected":false},"author":3,"featured_media":0,"parent":646,"menu_order":0,"comment_status":"closed","ping_status":"closed","template":"","meta":{"_acf_changed":false,"inline_featured_image":false,"footnotes":""},"class_list":["post-655","page","type-page","status-publish","hentry"],"acf":[],"yoast_head":"<!-- This site is optimized with the Yoast SEO plugin v27.4 - https:\/\/yoast.com\/product\/yoast-seo-wordpress\/ -->\n<title>Promociones - Cardenas Markets<\/title>\n<meta name=\"robots\" content=\"index, follow, max-snippet:-1, max-image-preview:large, max-video-preview:-1\" \/>\n<link rel=\"canonical\" href=\"https:\/\/www.cardenasmarkets.com\/about\/promotions\/\" \/>\n<meta property=\"og:locale\" content=\"es_ES\" \/>\n<meta property=\"og:type\" content=\"article\" \/>\n<meta property=\"og:title\" content=\"Promociones - Cardenas Markets\" \/>\n<meta property=\"og:description\" content=\"\u00a1ESTA ES UNA DE LAS PROMOCIONES MAS BUENAS DE LA TEMPORADA! Flan y Bebidas GRATIS cuando compras un paquete familiar de pollo de 16 piezas en nuestra cocina. Ver anuncio semanal para m\u00e1s detalles. Las opciones de bebida est\u00e1n sujetas a cambios. Los precios var\u00edan seg\u00fan la regi\u00f3n.\" \/>\n<meta property=\"og:url\" content=\"https:\/\/www.cardenasmarkets.com\/about\/promotions\/\" \/>\n<meta property=\"og:site_name\" content=\"Cardenas Markets\" \/>\n<meta property=\"article:modified_time\" content=\"2021-06-06T21:10:34+00:00\" \/>\n<meta name=\"twitter:card\" content=\"summary_large_image\" \/>\n<script type=\"application\/ld+json\" class=\"yoast-schema-graph\">{\"@context\":\"https:\\\/\\\/schema.org\",\"@graph\":[{\"@type\":\"WebPage\",\"@id\":\"https:\\\/\\\/www.cardenasmarkets.com\\\/about\\\/promotions\\\/\",\"url\":\"https:\\\/\\\/www.cardenasmarkets.com\\\/about\\\/promotions\\\/\",\"name\":\"Promociones - Cardenas Markets\",\"isPartOf\":{\"@id\":\"https:\\\/\\\/www.cardenasmarkets.com\\\/es\\\/#website\"},\"datePublished\":\"2021-05-19T23:36:28+00:00\",\"dateModified\":\"2021-06-06T21:10:34+00:00\",\"breadcrumb\":{\"@id\":\"https:\\\/\\\/www.cardenasmarkets.com\\\/about\\\/promotions\\\/#breadcrumb\"},\"inLanguage\":\"es\",\"potentialAction\":[{\"@type\":\"ReadAction\",\"target\":[\"https:\\\/\\\/www.cardenasmarkets.com\\\/about\\\/promotions\\\/\"]}]},{\"@type\":\"BreadcrumbList\",\"@id\":\"https:\\\/\\\/www.cardenasmarkets.com\\\/about\\\/promotions\\\/#breadcrumb\",\"itemListElement\":[{\"@type\":\"ListItem\",\"position\":1,\"name\":\"Home\",\"item\":\"https:\\\/\\\/www.cardenasmarkets.com\\\/es\\\/\"},{\"@type\":\"ListItem\",\"position\":2,\"name\":\"Sobre Nosotros\",\"item\":\"https:\\\/\\\/www.cardenasmarkets.com\\\/es\\\/sobre-nosotros\\\/\"},{\"@type\":\"ListItem\",\"position\":3,\"name\":\"Promociones\"}]},{\"@type\":\"WebSite\",\"@id\":\"https:\\\/\\\/www.cardenasmarkets.com\\\/es\\\/#website\",\"url\":\"https:\\\/\\\/www.cardenasmarkets.com\\\/es\\\/\",\"name\":\"Cardenas Markets\",\"description\":\"\",\"potentialAction\":[{\"@type\":\"SearchAction\",\"target\":{\"@type\":\"EntryPoint\",\"urlTemplate\":\"https:\\\/\\\/www.cardenasmarkets.com\\\/es\\\/?s={search_term_string}\"},\"query-input\":{\"@type\":\"PropertyValueSpecification\",\"valueRequired\":true,\"valueName\":\"search_term_string\"}}],\"inLanguage\":\"es\"}]}<\/script>\n<!-- \/ Yoast SEO plugin. -->","yoast_head_json":{"title":"Promociones - Cardenas Markets","robots":{"index":"index","follow":"follow","max-snippet":"max-snippet:-1","max-image-preview":"max-image-preview:large","max-video-preview":"max-video-preview:-1"},"canonical":"https:\/\/www.cardenasmarkets.com\/about\/promotions\/","og_locale":"es_ES","og_type":"article","og_title":"Promociones - Cardenas Markets","og_description":"\u00a1ESTA ES UNA DE LAS PROMOCIONES MAS BUENAS DE LA TEMPORADA! Flan y Bebidas GRATIS cuando compras un paquete familiar de pollo de 16 piezas en nuestra cocina. Ver anuncio semanal para m\u00e1s detalles. Las opciones de bebida est\u00e1n sujetas a cambios. Los precios var\u00edan seg\u00fan la regi\u00f3n.","og_url":"https:\/\/www.cardenasmarkets.com\/about\/promotions\/","og_site_name":"Cardenas Markets","article_modified_time":"2021-06-06T21:10:34+00:00","twitter_card":"summary_large_image","schema":{"@context":"https:\/\/schema.org","@graph":[{"@type":"WebPage","@id":"https:\/\/www.cardenasmarkets.com\/about\/promotions\/","url":"https:\/\/www.cardenasmarkets.com\/about\/promotions\/","name":"Promociones - Cardenas Markets","isPartOf":{"@id":"https:\/\/www.cardenasmarkets.com\/es\/#website"},"datePublished":"2021-05-19T23:36:28+00:00","dateModified":"2021-06-06T21:10:34+00:00","breadcrumb":{"@id":"https:\/\/www.cardenasmarkets.com\/about\/promotions\/#breadcrumb"},"inLanguage":"es","potentialAction":[{"@type":"ReadAction","target":["https:\/\/www.cardenasmarkets.com\/about\/promotions\/"]}]},{"@type":"BreadcrumbList","@id":"https:\/\/www.cardenasmarkets.com\/about\/promotions\/#breadcrumb","itemListElement":[{"@type":"ListItem","position":1,"name":"Home","item":"https:\/\/www.cardenasmarkets.com\/es\/"},{"@type":"ListItem","position":2,"name":"Sobre Nosotros","item":"https:\/\/www.cardenasmarkets.com\/es\/sobre-nosotros\/"},{"@type":"ListItem","position":3,"name":"Promociones"}]},{"@type":"WebSite","@id":"https:\/\/www.cardenasmarkets.com\/es\/#website","url":"https:\/\/www.cardenasmarkets.com\/es\/","name":"Cardenas Markets","description":"","potentialAction":[{"@type":"SearchAction","target":{"@type":"EntryPoint","urlTemplate":"https:\/\/www.cardenasmarkets.com\/es\/?s={search_term_string}"},"query-input":{"@type":"PropertyValueSpecification","valueRequired":true,"valueName":"search_term_string"}}],"inLanguage":"es"}]}},"_links":{"self":[{"href":"https:\/\/www.cardenasmarkets.com\/es\/wp-json\/wp\/v2\/pages\/655","targetHints":{"allow":["GET"]}}],"collection":[{"href":"https:\/\/www.cardenasmarkets.com\/es\/wp-json\/wp\/v2\/pages"}],"about":[{"href":"https:\/\/www.cardenasmarkets.com\/es\/wp-json\/wp\/v2\/types\/page"}],"author":[{"embeddable":true,"href":"https:\/\/www.cardenasmarkets.com\/es\/wp-json\/wp\/v2\/users\/3"}],"replies":[{"embeddable":true,"href":"https:\/\/www.cardenasmarkets.com\/es\/wp-json\/wp\/v2\/comments?post=655"}],"version-history":[{"count":0,"href":"https:\/\/www.cardenasmarkets.com\/es\/wp-json\/wp\/v2\/pages\/655\/revisions"}],"up":[{"embeddable":true,"href":"https:\/\/www.cardenasmarkets.com\/es\/wp-json\/wp\/v2\/pages\/646"}],"wp:attachment":[{"href":"https:\/\/www.cardenasmarkets.com\/es\/wp-json\/wp\/v2\/media?parent=655"}],"curies":[{"name":"wp","href":"https:\/\/api.w.org\/{rel}","templated":true}]}}