{"id":654,"date":"2021-05-19T16:36:00","date_gmt":"2021-05-19T23:36:00","guid":{"rendered":"https:\/\/cardenasmarket.wpengine.com\/?page_id=654"},"modified":"2026-03-20T08:27:19","modified_gmt":"2026-03-20T15:27:19","slug":"becas","status":"publish","type":"page","link":"https:\/\/www.cardenasmarkets.com\/es\/sobre-nosotros\/fundacion\/becas\/","title":{"rendered":"Becas"},"content":{"rendered":"\n<figure class=\"wp-block-image size-full\"><img loading=\"lazy\" decoding=\"async\" width=\"2560\" height=\"1965\" src=\"https:\/\/www.cardenasmarkets.com\/wp-content\/uploads\/Cardenas-Landing-Page-scaled.jpg\" alt=\"Scholarship Page Graphic\" class=\"wp-image-5349\" srcset=\"https:\/\/www.cardenasmarkets.com\/wp-content\/uploads\/Cardenas-Landing-Page-scaled.jpg 2560w, https:\/\/www.cardenasmarkets.com\/wp-content\/uploads\/Cardenas-Landing-Page-768x589.jpg 768w, https:\/\/www.cardenasmarkets.com\/wp-content\/uploads\/Cardenas-Landing-Page-1536x1179.jpg 1536w, https:\/\/www.cardenasmarkets.com\/wp-content\/uploads\/Cardenas-Landing-Page-2048x1572.jpg 2048w\" sizes=\"auto, (max-width: 2560px) 100vw, 2560px\" \/><\/figure>\n\n\n\n<div style=\"height:25px\" aria-hidden=\"true\" class=\"wp-block-spacer\"><\/div>\n\n\n\n<h4 class=\"wp-block-heading\"><strong>\u00a1Bienvenidos a la p\u00e1gina del Programa de Becas de la Fundaci\u00f3n Cardenas Markets!<\/strong><\/h4>\n\n\n\n<div style=\"height:25px\" aria-hidden=\"true\" class=\"wp-block-spacer\"><\/div>\n\n\n\n<p>La Fundaci\u00f3n Cardenas Markets contin\u00faa con su compromiso de apoyar a las comunidades a las que sirve proporcionando becas a estudiantes de las zonas en las que operan C\u00e1rdenas y Ranch Markets. En total, se conceder\u00e1n 65 becas de 3000 d\u00f3lares cada una para el curso acad\u00e9mico 2026-2027, <strong>\u00a1y ya estamos aceptando solicitudes!<\/strong><\/p>\n\n\n\n<p>Los beneficiarios ser\u00e1n seleccionados en funci\u00f3n de sus calificaciones acad\u00e9micas, sus necesidades econ\u00f3micas, sus dotes de liderazgo y su compromiso con el servicio a la comunidad local.<\/p>\n\n\n\n<p>Para solicitar la beca del Programa de Becas 2026-27 de la Fundaci\u00f3n C\u00e1rdenas Markets, la Fundaci\u00f3n Ben\u00e9fica Tony y Manos y Corazones Unidos, siga las instrucciones que se indican a continuaci\u00f3n:<\/p>\n\n\n\n<ol start=\"1\" class=\"wp-block-list\">\n<li>Vaya a la p\u00e1gina&nbsp;<a href=\"https:\/\/aim.applyists.net\/HeritageGrocers\" target=\"_blank\" rel=\"noreferrer noopener\">https:\/\/aim.applyISTS.net\/HeritageGrocers<\/a>\n<ul class=\"wp-block-list\">\n<li>Si ya tiene una cuenta ISTS, simplemente inicie sesi\u00f3n.<\/li>\n\n\n\n<li>Para crear una nueva cuenta, haga clic en \u00abDon\u2019t have an account? Register!\u00bb para crear una cuenta ISTS. Se le pedir\u00e1 que valide su direcci\u00f3n de correo electr\u00f3nico y se le redirigir\u00e1 a la p\u00e1gina de inicio de ISTS.<\/li>\n\n\n\n<li>Haga clic en \u00abAdd New Application\u00bb, introduzca la clave del programa <strong>Program Key:<\/strong> <strong>HeritageGrocers<\/strong> y haga clic en \u00abOkay\u00bb. Se le redirigir\u00e1 inmediatamente al formulario de solicitud.<\/li>\n<\/ul>\n<\/li>\n\n\n\n<li>Rellene todos los campos obligatorios, cargue los documentos necesarios y env\u00ede su solicitud <strong>antes del 9 de abril de 2026.<\/strong><\/li>\n<\/ol>\n\n\n\n<p>Si necesita ayuda en cualquier momento durante el proceso, comun\u00edquese con el equipo de soporte del programa ISTS por correo electr\u00f3nico a ContactUs@applyISTS.com o haga clic en el widget de ayuda verde de su solicitud para chatear en vivo con un representante durante el horario laboral habitual (de lunes a viernes de 7:00 a. m. a 7:00 p. m. y los s\u00e1bados de 9:00 a. m. a 6:00 p. m.).<\/p>\n\n\n\n<p><em>\u00abLa Fundaci\u00f3n Cardenas Markets est\u00e1 comprometida a ayudar a los estudiantes a avanzar en sus metas educativas\u00bb, dijo Adam Salgado, presidente de la Fundaci\u00f3n Cardenas Markets.<\/em><\/p>\n\n\n\n<p><em>\u00abEntendemos que el costo de los titulos y las tarifas contin\u00faan aumentando a\u00f1o tras a\u00f1o, y cada vez es m\u00e1s dif\u00edcil cubrir estos gastos. Nos complace poder ayudar a sufragar algunos de estos costos para nuestros l\u00edderes futuros\u00bb.<\/em><\/p>\n\n\n\n<div style=\"height:35px\" aria-hidden=\"true\" class=\"wp-block-spacer\"><\/div>\n\n\n<a href=\"https:\/\/aim.applyISTS.net\/HeritageGrocers%20\" role=\"button\" class=\"btn btn-primary\"  id=\"button-block_0178c3819c0146de92900a46de042a0f\">\n\tAPLICA AQU\u00cd<\/a>\n\n\n\n<div style=\"height:35px\" aria-hidden=\"true\" class=\"wp-block-spacer\"><\/div>\n\n\n\n<p>Tenga en cuenta que la clave del programa para esta solicitud de beca es \u00ab<strong>HeritageGrocers<\/strong>\u00ab.<\/p>\n\n\n\n<div style=\"height:20px\" aria-hidden=\"true\" class=\"wp-block-spacer\"><\/div>\n\n\n\n<p>La Fundaci\u00f3n Cardenas Markets es una corporaci\u00f3n independiente sin fines de lucro 501(c)(3) enfocada en proveer becas a estudiantes calificados. Fue fundada en 2005 por la cadena de supermercados C\u00e1rdenas Markets para apoyar a la comunidad.<\/p>\n","protected":false},"excerpt":{"rendered":"<p>\u00a1Bienvenidos a la p\u00e1gina del Programa de Becas de la Fundaci\u00f3n Cardenas Markets! La Fundaci\u00f3n Cardenas Markets contin\u00faa con su compromiso de apoyar a las comunidades a las que sirve proporcionando becas a estudiantes de las zonas en las que operan C\u00e1rdenas y Ranch Markets. En total, se conceder\u00e1n 65 becas de 3000 d\u00f3lares cada [&hellip;]<\/p>\n","protected":false},"author":3,"featured_media":0,"parent":651,"menu_order":0,"comment_status":"closed","ping_status":"closed","template":"","meta":{"_acf_changed":true,"inline_featured_image":false,"footnotes":""},"class_list":["post-654","page","type-page","status-publish","hentry"],"acf":[],"yoast_head":"<!-- This site is optimized with the Yoast SEO plugin v27.4 - https:\/\/yoast.com\/product\/yoast-seo-wordpress\/ -->\n<title>Becas - Cardenas Markets<\/title>\n<meta name=\"robots\" content=\"index, follow, max-snippet:-1, max-image-preview:large, max-video-preview:-1\" \/>\n<link rel=\"canonical\" href=\"https:\/\/www.cardenasmarkets.com\/es\/sobre-nosotros\/fundacion\/becas\/\" \/>\n<meta property=\"og:locale\" content=\"es_ES\" \/>\n<meta property=\"og:type\" content=\"article\" \/>\n<meta property=\"og:title\" content=\"Becas - Cardenas Markets\" \/>\n<meta property=\"og:description\" content=\"\u00a1Bienvenidos a la p\u00e1gina del Programa de Becas de la Fundaci\u00f3n Cardenas Markets! La Fundaci\u00f3n Cardenas Markets contin\u00faa con su compromiso de apoyar a las comunidades a las que sirve proporcionando becas a estudiantes de las zonas en las que operan C\u00e1rdenas y Ranch Markets. En total, se conceder\u00e1n 65 becas de 3000 d\u00f3lares cada [&hellip;]\" \/>\n<meta property=\"og:url\" content=\"https:\/\/www.cardenasmarkets.com\/es\/sobre-nosotros\/fundacion\/becas\/\" \/>\n<meta property=\"og:site_name\" content=\"Cardenas Markets\" \/>\n<meta property=\"article:modified_time\" content=\"2026-03-20T15:27:19+00:00\" \/>\n<meta property=\"og:image\" content=\"https:\/\/www.cardenasmarkets.com\/wp-content\/uploads\/Cardenas-Landing-Page-scaled.jpg\" \/>\n\t<meta property=\"og:image:width\" content=\"2560\" \/>\n\t<meta property=\"og:image:height\" content=\"1965\" \/>\n\t<meta property=\"og:image:type\" content=\"image\/jpeg\" \/>\n<meta name=\"twitter:card\" content=\"summary_large_image\" \/>\n<meta name=\"twitter:label1\" content=\"Est. reading time\" \/>\n\t<meta name=\"twitter:data1\" content=\"2 minutos\" \/>\n<script type=\"application\/ld+json\" class=\"yoast-schema-graph\">{\"@context\":\"https:\\\/\\\/schema.org\",\"@graph\":[{\"@type\":\"WebPage\",\"@id\":\"https:\\\/\\\/www.cardenasmarkets.com\\\/es\\\/sobre-nosotros\\\/fundacion\\\/becas\\\/\",\"url\":\"https:\\\/\\\/www.cardenasmarkets.com\\\/es\\\/sobre-nosotros\\\/fundacion\\\/becas\\\/\",\"name\":\"Becas - Cardenas Markets\",\"isPartOf\":{\"@id\":\"https:\\\/\\\/www.cardenasmarkets.com\\\/es\\\/#website\"},\"primaryImageOfPage\":{\"@id\":\"https:\\\/\\\/www.cardenasmarkets.com\\\/es\\\/sobre-nosotros\\\/fundacion\\\/becas\\\/#primaryimage\"},\"image\":{\"@id\":\"https:\\\/\\\/www.cardenasmarkets.com\\\/es\\\/sobre-nosotros\\\/fundacion\\\/becas\\\/#primaryimage\"},\"thumbnailUrl\":\"https:\\\/\\\/www.cardenasmarkets.com\\\/wp-content\\\/uploads\\\/Cardenas-Landing-Page-scaled.jpg\",\"datePublished\":\"2021-05-19T23:36:00+00:00\",\"dateModified\":\"2026-03-20T15:27:19+00:00\",\"breadcrumb\":{\"@id\":\"https:\\\/\\\/www.cardenasmarkets.com\\\/es\\\/sobre-nosotros\\\/fundacion\\\/becas\\\/#breadcrumb\"},\"inLanguage\":\"es\",\"potentialAction\":[{\"@type\":\"ReadAction\",\"target\":[\"https:\\\/\\\/www.cardenasmarkets.com\\\/es\\\/sobre-nosotros\\\/fundacion\\\/becas\\\/\"]}]},{\"@type\":\"ImageObject\",\"inLanguage\":\"es\",\"@id\":\"https:\\\/\\\/www.cardenasmarkets.com\\\/es\\\/sobre-nosotros\\\/fundacion\\\/becas\\\/#primaryimage\",\"url\":\"https:\\\/\\\/www.cardenasmarkets.com\\\/wp-content\\\/uploads\\\/Cardenas-Landing-Page-scaled.jpg\",\"contentUrl\":\"https:\\\/\\\/www.cardenasmarkets.com\\\/wp-content\\\/uploads\\\/Cardenas-Landing-Page-scaled.jpg\"},{\"@type\":\"BreadcrumbList\",\"@id\":\"https:\\\/\\\/www.cardenasmarkets.com\\\/es\\\/sobre-nosotros\\\/fundacion\\\/becas\\\/#breadcrumb\",\"itemListElement\":[{\"@type\":\"ListItem\",\"position\":1,\"name\":\"Home\",\"item\":\"https:\\\/\\\/www.cardenasmarkets.com\\\/es\\\/\"},{\"@type\":\"ListItem\",\"position\":2,\"name\":\"Sobre Nosotros\",\"item\":\"https:\\\/\\\/www.cardenasmarkets.com\\\/es\\\/sobre-nosotros\\\/\"},{\"@type\":\"ListItem\",\"position\":3,\"name\":\"Fundaci\u00f3n Cardenas Markets\",\"item\":\"https:\\\/\\\/www.cardenasmarkets.com\\\/about\\\/foundation\\\/\"},{\"@type\":\"ListItem\",\"position\":4,\"name\":\"Becas\"}]},{\"@type\":\"WebSite\",\"@id\":\"https:\\\/\\\/www.cardenasmarkets.com\\\/es\\\/#website\",\"url\":\"https:\\\/\\\/www.cardenasmarkets.com\\\/es\\\/\",\"name\":\"Cardenas Markets\",\"description\":\"\",\"potentialAction\":[{\"@type\":\"SearchAction\",\"target\":{\"@type\":\"EntryPoint\",\"urlTemplate\":\"https:\\\/\\\/www.cardenasmarkets.com\\\/es\\\/?s={search_term_string}\"},\"query-input\":{\"@type\":\"PropertyValueSpecification\",\"valueRequired\":true,\"valueName\":\"search_term_string\"}}],\"inLanguage\":\"es\"}]}<\/script>\n<!-- \/ Yoast SEO plugin. -->","yoast_head_json":{"title":"Becas - Cardenas Markets","robots":{"index":"index","follow":"follow","max-snippet":"max-snippet:-1","max-image-preview":"max-image-preview:large","max-video-preview":"max-video-preview:-1"},"canonical":"https:\/\/www.cardenasmarkets.com\/es\/sobre-nosotros\/fundacion\/becas\/","og_locale":"es_ES","og_type":"article","og_title":"Becas - Cardenas Markets","og_description":"\u00a1Bienvenidos a la p\u00e1gina del Programa de Becas de la Fundaci\u00f3n Cardenas Markets! La Fundaci\u00f3n Cardenas Markets contin\u00faa con su compromiso de apoyar a las comunidades a las que sirve proporcionando becas a estudiantes de las zonas en las que operan C\u00e1rdenas y Ranch Markets. En total, se conceder\u00e1n 65 becas de 3000 d\u00f3lares cada [&hellip;]","og_url":"https:\/\/www.cardenasmarkets.com\/es\/sobre-nosotros\/fundacion\/becas\/","og_site_name":"Cardenas Markets","article_modified_time":"2026-03-20T15:27:19+00:00","og_image":[{"width":2560,"height":1965,"url":"https:\/\/www.cardenasmarkets.com\/wp-content\/uploads\/Cardenas-Landing-Page-scaled.jpg","type":"image\/jpeg"}],"twitter_card":"summary_large_image","twitter_misc":{"Est. reading time":"2 minutos"},"schema":{"@context":"https:\/\/schema.org","@graph":[{"@type":"WebPage","@id":"https:\/\/www.cardenasmarkets.com\/es\/sobre-nosotros\/fundacion\/becas\/","url":"https:\/\/www.cardenasmarkets.com\/es\/sobre-nosotros\/fundacion\/becas\/","name":"Becas - Cardenas Markets","isPartOf":{"@id":"https:\/\/www.cardenasmarkets.com\/es\/#website"},"primaryImageOfPage":{"@id":"https:\/\/www.cardenasmarkets.com\/es\/sobre-nosotros\/fundacion\/becas\/#primaryimage"},"image":{"@id":"https:\/\/www.cardenasmarkets.com\/es\/sobre-nosotros\/fundacion\/becas\/#primaryimage"},"thumbnailUrl":"https:\/\/www.cardenasmarkets.com\/wp-content\/uploads\/Cardenas-Landing-Page-scaled.jpg","datePublished":"2021-05-19T23:36:00+00:00","dateModified":"2026-03-20T15:27:19+00:00","breadcrumb":{"@id":"https:\/\/www.cardenasmarkets.com\/es\/sobre-nosotros\/fundacion\/becas\/#breadcrumb"},"inLanguage":"es","potentialAction":[{"@type":"ReadAction","target":["https:\/\/www.cardenasmarkets.com\/es\/sobre-nosotros\/fundacion\/becas\/"]}]},{"@type":"ImageObject","inLanguage":"es","@id":"https:\/\/www.cardenasmarkets.com\/es\/sobre-nosotros\/fundacion\/becas\/#primaryimage","url":"https:\/\/www.cardenasmarkets.com\/wp-content\/uploads\/Cardenas-Landing-Page-scaled.jpg","contentUrl":"https:\/\/www.cardenasmarkets.com\/wp-content\/uploads\/Cardenas-Landing-Page-scaled.jpg"},{"@type":"BreadcrumbList","@id":"https:\/\/www.cardenasmarkets.com\/es\/sobre-nosotros\/fundacion\/becas\/#breadcrumb","itemListElement":[{"@type":"ListItem","position":1,"name":"Home","item":"https:\/\/www.cardenasmarkets.com\/es\/"},{"@type":"ListItem","position":2,"name":"Sobre Nosotros","item":"https:\/\/www.cardenasmarkets.com\/es\/sobre-nosotros\/"},{"@type":"ListItem","position":3,"name":"Fundaci\u00f3n Cardenas Markets","item":"https:\/\/www.cardenasmarkets.com\/about\/foundation\/"},{"@type":"ListItem","position":4,"name":"Becas"}]},{"@type":"WebSite","@id":"https:\/\/www.cardenasmarkets.com\/es\/#website","url":"https:\/\/www.cardenasmarkets.com\/es\/","name":"Cardenas Markets","description":"","potentialAction":[{"@type":"SearchAction","target":{"@type":"EntryPoint","urlTemplate":"https:\/\/www.cardenasmarkets.com\/es\/?s={search_term_string}"},"query-input":{"@type":"PropertyValueSpecification","valueRequired":true,"valueName":"search_term_string"}}],"inLanguage":"es"}]}},"_links":{"self":[{"href":"https:\/\/www.cardenasmarkets.com\/es\/wp-json\/wp\/v2\/pages\/654","targetHints":{"allow":["GET"]}}],"collection":[{"href":"https:\/\/www.cardenasmarkets.com\/es\/wp-json\/wp\/v2\/pages"}],"about":[{"href":"https:\/\/www.cardenasmarkets.com\/es\/wp-json\/wp\/v2\/types\/page"}],"author":[{"embeddable":true,"href":"https:\/\/www.cardenasmarkets.com\/es\/wp-json\/wp\/v2\/users\/3"}],"replies":[{"embeddable":true,"href":"https:\/\/www.cardenasmarkets.com\/es\/wp-json\/wp\/v2\/comments?post=654"}],"version-history":[{"count":0,"href":"https:\/\/www.cardenasmarkets.com\/es\/wp-json\/wp\/v2\/pages\/654\/revisions"}],"up":[{"embeddable":true,"href":"https:\/\/www.cardenasmarkets.com\/es\/wp-json\/wp\/v2\/pages\/651"}],"wp:attachment":[{"href":"https:\/\/www.cardenasmarkets.com\/es\/wp-json\/wp\/v2\/media?parent=654"}],"curies":[{"name":"wp","href":"https:\/\/api.w.org\/{rel}","templated":true}]}}