{"id":651,"date":"2021-05-19T16:33:42","date_gmt":"2021-05-19T23:33:42","guid":{"rendered":"https:\/\/cardenasmarket.wpengine.com\/?page_id=651"},"modified":"2022-09-20T17:36:17","modified_gmt":"2022-09-21T00:36:17","slug":"fundacion","status":"publish","type":"page","link":"https:\/\/www.cardenasmarkets.com\/es\/sobre-nosotros\/fundacion\/","title":{"rendered":"Fundaci\u00f3n Cardenas Markets"},"content":{"rendered":"\n<h2 class=\"wp-block-heading\"><strong>Educaci\u00f3n<\/strong><\/h2>\n\n\n\n<p>La&nbsp;Fundaci\u00f3n&nbsp;Cardenas&nbsp;Markets&nbsp;se compromete a ayudar a los estudiantes a avanzar en sus metas educativas.&nbsp;<\/p>\n\n\n\n<figure class=\"wp-block-image size-large\"><img loading=\"lazy\" decoding=\"async\" width=\"1464\" height=\"918\" src=\"https:\/\/www.cardenasmarkets.com\/wp-content\/uploads\/students.jpg\" alt=\"\" class=\"wp-image-875\" srcset=\"https:\/\/www.cardenasmarkets.com\/wp-content\/uploads\/students.jpg 1464w, https:\/\/www.cardenasmarkets.com\/wp-content\/uploads\/students-768x482.jpg 768w\" sizes=\"auto, (max-width: 1464px) 100vw, 1464px\" \/><\/figure>\n\n\n\n<p>La&nbsp;<strong>Fundaci\u00f3n C\u00e1rdenas&nbsp;Markets<\/strong>&nbsp;recientemente&nbsp;proporcion\u00f3&nbsp;<strong>becas<\/strong>&nbsp;a estudiantes en las \u00e1reas donde opera&nbsp;Cardenas&nbsp;Markets.&nbsp;&nbsp;<\/p>\n\n\n\n<p>Para el a\u00f1o acad\u00e9mico 2020 \u2013 2021, se otorgaron&nbsp;<strong>60<\/strong>&nbsp;becas por un total de&nbsp;<strong>$120,000&nbsp;<\/strong>a estudiantes merecedores, basado en sus calificaciones&nbsp;acad\u00e9micas,&nbsp;necesidad&nbsp;financiera, atributos de liderazgo y compromiso de servir a su comunidad local.&nbsp;&nbsp;<\/p>\n\n\n\n<p>Para obtener m\u00e1s informaci\u00f3n, visita cardenasmarkets.com\/scholarship&nbsp;<\/p>\n\n\n\n<div style=\"height:30px\" aria-hidden=\"true\" class=\"wp-block-spacer\"><\/div>\n\n\n\n<h2 class=\"wp-block-heading\"><strong>Ayuda&nbsp;contra&nbsp;el&nbsp;Hambre<\/strong><\/h2>\n\n\n\n<p>Cardenas&nbsp;Markets&nbsp;est\u00e1 dedicado a las comunidades donde operamos y nuestro compromiso con la comunidad local se extiende m\u00e1s all\u00e1 de los l\u00edmites de nuestras tiendas.<\/p>\n\n\n\n<figure class=\"wp-block-image size-large\"><img loading=\"lazy\" decoding=\"async\" width=\"1464\" height=\"918\" src=\"https:\/\/www.cardenasmarkets.com\/wp-content\/uploads\/hunger-relief.jpg\" alt=\"\" class=\"wp-image-883\" srcset=\"https:\/\/www.cardenasmarkets.com\/wp-content\/uploads\/hunger-relief.jpg 1464w, https:\/\/www.cardenasmarkets.com\/wp-content\/uploads\/hunger-relief-768x482.jpg 768w\" sizes=\"auto, (max-width: 1464px) 100vw, 1464px\" \/><\/figure>\n\n\n\n<p>En 2020,&nbsp;la Fundaci\u00f3n&nbsp;Cardenas&nbsp;Markets&nbsp;estableci\u00f3 un&nbsp;fondo de $&nbsp;<strong>250,000<\/strong>&nbsp;&nbsp;en respuesta inmediata a la necesidad que enfrentaban las comunidades debido a la epidemia de COVID-19.&nbsp;&nbsp; Los siguientes bancos de alimentos recibieron donaciones monetarias por un total de $140,000 de este fondo de emergencia para proporcionar alimentos y&nbsp;recursos a las familias afectadas por el&nbsp;Coronavirus: Alameda County&nbsp;Community&nbsp;Food&nbsp;Bank,&nbsp;Food&nbsp;Bank&nbsp;for&nbsp;Monterey County,&nbsp;Food&nbsp;Bank&nbsp;of&nbsp;Contra Costa &amp;Solano,&nbsp;Three&nbsp;Square&nbsp;Food&nbsp;Bank en Las Vegas,&nbsp;&nbsp;Feeding&nbsp;America&nbsp;of&nbsp;Riverside I San Bernardino County,&nbsp;Second&nbsp;Harvest&nbsp;of&nbsp;the&nbsp;Silicon Valley,&nbsp;Inland&nbsp;Valley Hope&nbsp;Partners&nbsp;Pomona y St.&nbsp;Mary&#8217;s&nbsp;Food&nbsp;Bank en Arizona.&nbsp;<\/p>\n\n\n\n<div style=\"height:30px\" aria-hidden=\"true\" class=\"wp-block-spacer\"><\/div>\n\n\n\n<h2 class=\"wp-block-heading\"><strong>Salud y&nbsp;Bienestar&nbsp;de los&nbsp;Ni\u00f1os<\/strong><\/h2>\n\n\n\n<p>Cardenas&nbsp;Markets&nbsp;esta apasionado de promover iniciativas y causas destinadas a mejorar la calidad de vida de los ni\u00f1os en nuestras comunidades locales.<\/p>\n\n\n\n<figure class=\"wp-block-image size-large\"><img loading=\"lazy\" decoding=\"async\" width=\"1464\" height=\"918\" src=\"https:\/\/www.cardenasmarkets.com\/wp-content\/uploads\/childrens-wellbeing.jpg\" alt=\"\" class=\"wp-image-886\" srcset=\"https:\/\/www.cardenasmarkets.com\/wp-content\/uploads\/childrens-wellbeing.jpg 1464w, https:\/\/www.cardenasmarkets.com\/wp-content\/uploads\/childrens-wellbeing-768x482.jpg 768w\" sizes=\"auto, (max-width: 1464px) 100vw, 1464px\" \/><\/figure>\n\n\n\n<p>M\u00e1s recientemente,&nbsp;Cardenas&nbsp;Ranch&nbsp;Markets&nbsp;llev\u00f3 a cabo su campa\u00f1a anual de recaudaci\u00f3n de fondos a trav\u00e9s de las tiendas para apoyar las necesidades cr\u00edticas del Phoenix&nbsp;Children&#8217;s&nbsp;Hospital.&nbsp; La recaudaci\u00f3n de fondos anual de&nbsp;Cardenas&nbsp;Ranch&nbsp;Markets&nbsp;permite a Phoenix&nbsp;Children&#8217;s&nbsp;Hospital avanzar en iniciativas como el Programa de Asistencia de Comidas, el Programa de Servicios de Idiomas, la Biblioteca Emily Center, la Terapia Asistida con Animales y 1 Escuela Maldita, solo por nombrar algunas.&nbsp; Adem\u00e1s,&nbsp;Cardenas&nbsp;Ranch&nbsp;Markets&nbsp;junto con el apoyo de sus generosos clientes han podido donar m\u00e1s de $150,000 a trav\u00e9s de la campa\u00f1a de \u201cdona tu cambio\u201d de la compa\u00f1\u00eda para este esfuerzo.&nbsp;<\/p>\n","protected":false},"excerpt":{"rendered":"<p>Nuestra Misi\u00f3n \u2013 La Fundaci\u00f3n Cardenas Markets es una organizaci\u00f3n independiente sin fines de lucro 501(c)(3) conocida por sus esfuerzos caritativos que impactan positivamente las vidas de aquellos en las \u00e1reas a las que Cardenas Markets sirve.   Estamos profundamente arraigados en todas nuestras comunidades y siempre estamos buscando oportunidades para asociarnos localmente.  La Fundaci\u00f3n Cardenas Markets apoya a organizaciones comprometidas con el avance de la salud, el bienestar de los ni\u00f1os, ayuda contra el hambre y la educaci\u00f3n. <\/p>\n","protected":false},"author":3,"featured_media":0,"parent":646,"menu_order":0,"comment_status":"closed","ping_status":"closed","template":"","meta":{"_acf_changed":false,"inline_featured_image":false,"footnotes":""},"class_list":["post-651","page","type-page","status-publish","hentry"],"acf":[],"yoast_head":"<!-- This site is optimized with the Yoast SEO plugin v27.4 - https:\/\/yoast.com\/product\/yoast-seo-wordpress\/ -->\n<title>Fundaci\u00f3n Cardenas Markets - Cardenas Markets<\/title>\n<meta name=\"robots\" content=\"index, follow, max-snippet:-1, max-image-preview:large, max-video-preview:-1\" \/>\n<link rel=\"canonical\" href=\"https:\/\/www.cardenasmarkets.com\/about\/foundation\/\" \/>\n<meta property=\"og:locale\" content=\"es_ES\" \/>\n<meta property=\"og:type\" content=\"article\" \/>\n<meta property=\"og:title\" content=\"Fundaci\u00f3n Cardenas Markets - Cardenas Markets\" \/>\n<meta property=\"og:description\" content=\"Nuestra Misi\u00f3n \u2013 La Fundaci\u00f3n Cardenas Markets es una organizaci\u00f3n independiente sin fines de lucro 501(c)(3) conocida por sus esfuerzos caritativos que impactan positivamente las vidas de aquellos en las \u00e1reas a las que Cardenas Markets sirve.  Estamos profundamente arraigados en todas nuestras comunidades y siempre estamos buscando oportunidades para asociarnos localmente. La Fundaci\u00f3n Cardenas Markets apoya a organizaciones comprometidas con el avance de la salud, el bienestar de los ni\u00f1os, ayuda contra el hambre y la educaci\u00f3n.\" \/>\n<meta property=\"og:url\" content=\"https:\/\/www.cardenasmarkets.com\/about\/foundation\/\" \/>\n<meta property=\"og:site_name\" content=\"Cardenas Markets\" \/>\n<meta property=\"article:modified_time\" content=\"2022-09-21T00:36:17+00:00\" \/>\n<meta property=\"og:image\" content=\"https:\/\/www.cardenasmarkets.com\/wp-content\/uploads\/students.jpg\" \/>\n\t<meta property=\"og:image:width\" content=\"1464\" \/>\n\t<meta property=\"og:image:height\" content=\"918\" \/>\n\t<meta property=\"og:image:type\" content=\"image\/jpeg\" \/>\n<meta name=\"twitter:card\" content=\"summary_large_image\" \/>\n<meta name=\"twitter:label1\" content=\"Est. reading time\" \/>\n\t<meta name=\"twitter:data1\" content=\"2 minutos\" \/>\n<script type=\"application\/ld+json\" class=\"yoast-schema-graph\">{\"@context\":\"https:\\\/\\\/schema.org\",\"@graph\":[{\"@type\":\"WebPage\",\"@id\":\"https:\\\/\\\/www.cardenasmarkets.com\\\/about\\\/foundation\\\/\",\"url\":\"https:\\\/\\\/www.cardenasmarkets.com\\\/about\\\/foundation\\\/\",\"name\":\"Fundaci\u00f3n Cardenas Markets - Cardenas Markets\",\"isPartOf\":{\"@id\":\"https:\\\/\\\/www.cardenasmarkets.com\\\/es\\\/#website\"},\"primaryImageOfPage\":{\"@id\":\"https:\\\/\\\/www.cardenasmarkets.com\\\/about\\\/foundation\\\/#primaryimage\"},\"image\":{\"@id\":\"https:\\\/\\\/www.cardenasmarkets.com\\\/about\\\/foundation\\\/#primaryimage\"},\"thumbnailUrl\":\"https:\\\/\\\/www.cardenasmarkets.com\\\/wp-content\\\/uploads\\\/students.jpg\",\"datePublished\":\"2021-05-19T23:33:42+00:00\",\"dateModified\":\"2022-09-21T00:36:17+00:00\",\"breadcrumb\":{\"@id\":\"https:\\\/\\\/www.cardenasmarkets.com\\\/about\\\/foundation\\\/#breadcrumb\"},\"inLanguage\":\"es\",\"potentialAction\":[{\"@type\":\"ReadAction\",\"target\":[\"https:\\\/\\\/www.cardenasmarkets.com\\\/about\\\/foundation\\\/\"]}]},{\"@type\":\"ImageObject\",\"inLanguage\":\"es\",\"@id\":\"https:\\\/\\\/www.cardenasmarkets.com\\\/about\\\/foundation\\\/#primaryimage\",\"url\":\"https:\\\/\\\/www.cardenasmarkets.com\\\/wp-content\\\/uploads\\\/students.jpg\",\"contentUrl\":\"https:\\\/\\\/www.cardenasmarkets.com\\\/wp-content\\\/uploads\\\/students.jpg\"},{\"@type\":\"BreadcrumbList\",\"@id\":\"https:\\\/\\\/www.cardenasmarkets.com\\\/about\\\/foundation\\\/#breadcrumb\",\"itemListElement\":[{\"@type\":\"ListItem\",\"position\":1,\"name\":\"Home\",\"item\":\"https:\\\/\\\/www.cardenasmarkets.com\\\/es\\\/home-spanish\\\/\"},{\"@type\":\"ListItem\",\"position\":2,\"name\":\"Sobre Nosotros\",\"item\":\"https:\\\/\\\/www.cardenasmarkets.com\\\/es\\\/sobre-nosotros\\\/\"},{\"@type\":\"ListItem\",\"position\":3,\"name\":\"Fundaci\u00f3n Cardenas Markets\"}]},{\"@type\":\"WebSite\",\"@id\":\"https:\\\/\\\/www.cardenasmarkets.com\\\/es\\\/#website\",\"url\":\"https:\\\/\\\/www.cardenasmarkets.com\\\/es\\\/\",\"name\":\"Cardenas Markets\",\"description\":\"\",\"potentialAction\":[{\"@type\":\"SearchAction\",\"target\":{\"@type\":\"EntryPoint\",\"urlTemplate\":\"https:\\\/\\\/www.cardenasmarkets.com\\\/es\\\/?s={search_term_string}\"},\"query-input\":{\"@type\":\"PropertyValueSpecification\",\"valueRequired\":true,\"valueName\":\"search_term_string\"}}],\"inLanguage\":\"es\"}]}<\/script>\n<!-- \/ Yoast SEO plugin. -->","yoast_head_json":{"title":"Fundaci\u00f3n Cardenas Markets - Cardenas Markets","robots":{"index":"index","follow":"follow","max-snippet":"max-snippet:-1","max-image-preview":"max-image-preview:large","max-video-preview":"max-video-preview:-1"},"canonical":"https:\/\/www.cardenasmarkets.com\/about\/foundation\/","og_locale":"es_ES","og_type":"article","og_title":"Fundaci\u00f3n Cardenas Markets - Cardenas Markets","og_description":"Nuestra Misi\u00f3n \u2013 La Fundaci\u00f3n Cardenas Markets es una organizaci\u00f3n independiente sin fines de lucro 501(c)(3) conocida por sus esfuerzos caritativos que impactan positivamente las vidas de aquellos en las \u00e1reas a las que Cardenas Markets sirve.  Estamos profundamente arraigados en todas nuestras comunidades y siempre estamos buscando oportunidades para asociarnos localmente. La Fundaci\u00f3n Cardenas Markets apoya a organizaciones comprometidas con el avance de la salud, el bienestar de los ni\u00f1os, ayuda contra el hambre y la educaci\u00f3n.","og_url":"https:\/\/www.cardenasmarkets.com\/about\/foundation\/","og_site_name":"Cardenas Markets","article_modified_time":"2022-09-21T00:36:17+00:00","og_image":[{"width":1464,"height":918,"url":"https:\/\/www.cardenasmarkets.com\/wp-content\/uploads\/students.jpg","type":"image\/jpeg"}],"twitter_card":"summary_large_image","twitter_misc":{"Est. reading time":"2 minutos"},"schema":{"@context":"https:\/\/schema.org","@graph":[{"@type":"WebPage","@id":"https:\/\/www.cardenasmarkets.com\/about\/foundation\/","url":"https:\/\/www.cardenasmarkets.com\/about\/foundation\/","name":"Fundaci\u00f3n Cardenas Markets - Cardenas Markets","isPartOf":{"@id":"https:\/\/www.cardenasmarkets.com\/es\/#website"},"primaryImageOfPage":{"@id":"https:\/\/www.cardenasmarkets.com\/about\/foundation\/#primaryimage"},"image":{"@id":"https:\/\/www.cardenasmarkets.com\/about\/foundation\/#primaryimage"},"thumbnailUrl":"https:\/\/www.cardenasmarkets.com\/wp-content\/uploads\/students.jpg","datePublished":"2021-05-19T23:33:42+00:00","dateModified":"2022-09-21T00:36:17+00:00","breadcrumb":{"@id":"https:\/\/www.cardenasmarkets.com\/about\/foundation\/#breadcrumb"},"inLanguage":"es","potentialAction":[{"@type":"ReadAction","target":["https:\/\/www.cardenasmarkets.com\/about\/foundation\/"]}]},{"@type":"ImageObject","inLanguage":"es","@id":"https:\/\/www.cardenasmarkets.com\/about\/foundation\/#primaryimage","url":"https:\/\/www.cardenasmarkets.com\/wp-content\/uploads\/students.jpg","contentUrl":"https:\/\/www.cardenasmarkets.com\/wp-content\/uploads\/students.jpg"},{"@type":"BreadcrumbList","@id":"https:\/\/www.cardenasmarkets.com\/about\/foundation\/#breadcrumb","itemListElement":[{"@type":"ListItem","position":1,"name":"Home","item":"https:\/\/www.cardenasmarkets.com\/es\/home-spanish\/"},{"@type":"ListItem","position":2,"name":"Sobre Nosotros","item":"https:\/\/www.cardenasmarkets.com\/es\/sobre-nosotros\/"},{"@type":"ListItem","position":3,"name":"Fundaci\u00f3n Cardenas Markets"}]},{"@type":"WebSite","@id":"https:\/\/www.cardenasmarkets.com\/es\/#website","url":"https:\/\/www.cardenasmarkets.com\/es\/","name":"Cardenas Markets","description":"","potentialAction":[{"@type":"SearchAction","target":{"@type":"EntryPoint","urlTemplate":"https:\/\/www.cardenasmarkets.com\/es\/?s={search_term_string}"},"query-input":{"@type":"PropertyValueSpecification","valueRequired":true,"valueName":"search_term_string"}}],"inLanguage":"es"}]}},"_links":{"self":[{"href":"https:\/\/www.cardenasmarkets.com\/es\/wp-json\/wp\/v2\/pages\/651","targetHints":{"allow":["GET"]}}],"collection":[{"href":"https:\/\/www.cardenasmarkets.com\/es\/wp-json\/wp\/v2\/pages"}],"about":[{"href":"https:\/\/www.cardenasmarkets.com\/es\/wp-json\/wp\/v2\/types\/page"}],"author":[{"embeddable":true,"href":"https:\/\/www.cardenasmarkets.com\/es\/wp-json\/wp\/v2\/users\/3"}],"replies":[{"embeddable":true,"href":"https:\/\/www.cardenasmarkets.com\/es\/wp-json\/wp\/v2\/comments?post=651"}],"version-history":[{"count":0,"href":"https:\/\/www.cardenasmarkets.com\/es\/wp-json\/wp\/v2\/pages\/651\/revisions"}],"up":[{"embeddable":true,"href":"https:\/\/www.cardenasmarkets.com\/es\/wp-json\/wp\/v2\/pages\/646"}],"wp:attachment":[{"href":"https:\/\/www.cardenasmarkets.com\/es\/wp-json\/wp\/v2\/media?parent=651"}],"curies":[{"name":"wp","href":"https:\/\/api.w.org\/{rel}","templated":true}]}}