{"id":5077,"date":"2025-10-21T11:42:16","date_gmt":"2025-10-21T18:42:16","guid":{"rendered":"https:\/\/www.cardenasmarkets.com\/?page_id=5077"},"modified":"2025-10-31T12:17:18","modified_gmt":"2025-10-31T19:17:18","slug":"recuerdos-vivos-concurso-de-altar","status":"publish","type":"page","link":"https:\/\/www.cardenasmarkets.com\/es\/recuerdos-vivos-concurso-de-altar\/","title":{"rendered":"Recuerdos Vivos, Concurso de Altar"},"content":{"rendered":"\n<figure class=\"wp-block-image size-full\"><img loading=\"lazy\" decoding=\"async\" width=\"1464\" height=\"347\" src=\"https:\/\/www.cardenasmarkets.com\/wp-content\/uploads\/papel-picado-altar-contest-decoration.png\" alt=\"Altar Contest Page decoration\" class=\"wp-image-5057\" srcset=\"https:\/\/www.cardenasmarkets.com\/wp-content\/uploads\/papel-picado-altar-contest-decoration.png 1464w, https:\/\/www.cardenasmarkets.com\/wp-content\/uploads\/papel-picado-altar-contest-decoration-768x182.png 768w\" sizes=\"auto, (max-width: 1464px) 100vw, 1464px\" \/><\/figure>\n\n\n\n<h4 class=\"wp-block-heading\"><strong>Honra a tus seres queridos: \u00a1Construye un altar, comparte una imagen y ten la oportunidad de ganar $500!<\/strong><\/h4>\n\n\n\n<div style=\"height:25px\" aria-hidden=\"true\" class=\"wp-block-spacer\"><\/div>\n\n\n\n<p>En Cardenas y Ranch Market, honramos a quienes han fallecido a trav\u00e9s de historias, fotos y platillos especiales. Celebramos el D\u00eda de Muertos con productos aut\u00e9nticos y art\u00edculos esenciales para la ofrenda que llenar\u00e1n de vida tu altar.<\/p>\n\n\n\n<div style=\"height:25px\" aria-hidden=\"true\" class=\"wp-block-spacer\"><\/div>\n\n\n\n<p><strong><strong>\u00a1\u00danete a nuestro concurso de Altar Recuerdos Vivos!<\/strong><\/strong><\/p>\n\n\n\n<div style=\"height:26px\" aria-hidden=\"true\" class=\"wp-block-spacer\"><\/div>\n\n\n\n<p><strong>Detalles del concurso:<\/strong><\/p>\n\n\n\n<p>Env\u00eda una foto de tu altar entre el 22 de octubre a las 8:00 a. m. PST y el 31 de octubre a mediod\u00eda de 2025.<\/p>\n\n\n\n<p><strong>Pautas importantes:<\/strong><\/p>\n\n\n\n<p>Aseg\u00farate de que tu altar tenga tres niveles e incluya nuestro Pan de Muerto oficial, junto con velas, calaveritas, flores de cempas\u00fachil y fotos de seres queridos, mascotas o celebridades. \u00a1S\u00e9 atrevido, colorido y aut\u00e9ntico!<\/p>\n\n\n\n<p><strong>Selecci\u00f3n de los ganadores:<\/strong><\/p>\n\n\n\n<p>Un jurado compuesto por C\u00e1rdenas y Ranch Market seleccionar\u00e1 a los 20 mejores el 31 de octubre a las 5 p. m. PST. A continuaci\u00f3n, el p\u00fablico votar\u00e1 por los tres mejores del 1 de noviembre a las 12 p. m. PST al 2 de noviembre a las 8 p. m. PST de 2025.<\/p>\n\n\n\n<p><strong>Premios:<\/strong><\/p>\n\n\n\n<p>Primer lugar: tarjeta de regalo de C\u00e1rdenas o Ranch Market valorada en $500<\/p>\n\n\n\n<p>Segundo lugar: tarjeta de regalo de C\u00e1rdenas o Ranch Market valorada en $250<\/p>\n\n\n\n<p>Tercer lugar: tarjeta de regalo de C\u00e1rdenas o Ranch Market valorada en $100<\/p>\n\n\n\n<div style=\"height:30px\" aria-hidden=\"true\" class=\"wp-block-spacer\"><\/div>\n\n\n\n<iframe allow=\"autoplay\" sandbox=\"allow-modals allow-forms allow-scripts allow-same-origin allow-popups allow-top-navigation allow-top-navigation-by-user-activation allow-downloads allow-popups-to-escape-sandbox\" id=\"gKnqMv\" class=\"embed_frame\" loading=\"lazy\" src=\"https:\/\/m.cmpgn.page\/gKnqMv?embed=3&#038;script=1\" style=\"border:none;min-width:100%;height:6360px\" allowpaymentrequest allowfullscreen data-hj-allow-iframe><\/iframe>\n\n<script>!function(){var e=document.getElementById(\"campaign-embed-code\");e||((e=document.createElement(\"SCRIPT\")).src=\"https:\/\/d1m2uzvk8r2fcn.cloudfront.net\/scripts\/embed-code\/20230927\/embed.min.js\",e.id=\"campaign-embed-code\",document.body.appendChild(e))}()<\/script>\n\n\n\n<p>Patrocinado por:<\/p>\n\n\n\n<figure class=\"wp-block-image size-full\"><img decoding=\"async\" src=\"https:\/\/www.cardenasmarkets.com\/wp-content\/uploads\/cardenas-sponsor-logos.png\" alt=\"Sponsor logos for altar contest\" class=\"wp-image-5062\"\/><\/figure>\n\n\n\n<p>NO ES NECESARIO REALIZAR NINGUNA COMPRA NI PAGO DE NING\u00daN TIPO PARA PARTICIPAR O GANAR EL CONCURSO DEL D\u00cdA DE LOS MUERTOS (\u00abCONCURSO\u00bb). UNA COMPRA NO AUMENTAR\u00c1 SUS POSIBILIDADES DE GANAR. EL CONCURSO NO EST\u00c1 RESPALDADO NI PATROCINADO DE NING\u00daN MODO POR INSTAGRAM. EL CONCURSO EST\u00c1 ABIERTO A TODOS LOS RESIDENTES LEGALES DE EE. UU. MAYORES DE 18 A\u00d1OS QUE VIVAN A MENOS DE 30 MILLAS DE UN CARDENAS MARKETS. EL CONCURSO FINALIZA EL 31 DE OCTUBRE DE 2025 A LAS 12:00 P. M. PDT. LOS EMPLEADOS NO PUEDEN PARTICIPAR. NULO DONDE LO PROH\u00cdBA LA LEY. SE APLICAN TODAS LAS LEYES, NORMAS Y REGLAMENTOS FEDERALES, ESTATALES Y LOCALES. LA PARTICIPACI\u00d3N EN ESTE CONCURSO IMPLICA LA ACEPTACI\u00d3N DE LAS REGLAS OFICIALES.<\/p>\n\n\n\n<p><br>El concurso comienza el 22 de octubre de 2025 a las 8:00 a. m., hora del Pac\u00edfico (PDT), y finaliza el 31 de octubre de 2025 a las 12:00 p. m., hora del Pac\u00edfico (el \u00abPeriodo del concurso\u00bb). El ordenador del Patrocinador es el dispositivo oficial para medir el tiempo del Concurso. La evaluaci\u00f3n y selecci\u00f3n por parte del patrocinador de las veinte (20) mejores propuestas del concurso comienza el 31 de octubre de 2025 a la 1:00 p. m. PDT y finaliza el 31 de octubre de 2025 a las 5:00 p. m. PDT (\u00abPeriodo de evaluaci\u00f3n\u00bb). La votaci\u00f3n p\u00fablica para elegir a los tres ganadores comenzar\u00e1 el 1 de noviembre de 2025 a las 12:00 p. m. PDT y finalizar\u00e1 el 2 de noviembre de 2025 a las 8:00 p. m. PDT (\u00abPeriodo de votaci\u00f3n p\u00fablica\u00bb). Los participantes pueden enviar una (1) fotograf\u00eda para el Concurso ingres\u00e1ndola a trav\u00e9s del enlace oficial del Concurso del Patrocinador: https:\/\/www.cardenasmarkets.com\/altar-contest (\u00abSitio\u00bb). Una vez que el participante accede al Sitio, debe seguir las instrucciones que aparecen en pantalla para completar su env\u00edo. Al participar en este Concurso, los participantes aceptan y est\u00e1n de acuerdo con las Reglas Oficiales del Patrocinador, la Pol\u00edtica de Privacidad (www.cardenasmarkets.com\/privacy-policy) y las decisiones del Patrocinador, que ser\u00e1n definitivas en todos los asuntos. Al participar en este Concurso, los participantes aceptan participar adem\u00e1s en el Programa de Lealtad del Patrocinador al optar por recibir ofertas especiales y mensajes de mercadotecnia (sujetos a la Pol\u00edtica de Privacidad de Lealtad del Patrocinador). Los empleados de C\u00e1rdenas Markets LLC, sus familiares directos y los patrocinadores no pueden participar en este Concurso. Para conocer todas las reglas oficiales y m\u00e1s detalles, haga clic en el enlace siguiente.<\/p>\n\n\n\n<div style=\"height:30px\" aria-hidden=\"true\" class=\"wp-block-spacer\"><\/div>\n\n\n<a href=\"https:\/\/www.cardenasmarkets.com\/wp-content\/uploads\/Cardenas_Markets_DDLM_Altar_Contest_Offical_Rules_Final.pdf\" role=\"button\" class=\"btn btn-primary\"  id=\"button-block_1d2f408ca4c80f20a3611202dfaaad1a\">\n\tReglas Oficiales<\/a>\n","protected":false},"excerpt":{"rendered":"<p>Participa en nuestros Recuerdos Vivos: Concurso de Altar para el D\u00eda de los Muertos del 22 al 31 de Octubre.<\/p>\n","protected":false},"author":8,"featured_media":0,"parent":0,"menu_order":0,"comment_status":"closed","ping_status":"closed","template":"templates\/full-width.php","meta":{"_acf_changed":true,"inline_featured_image":false,"footnotes":""},"class_list":["post-5077","page","type-page","status-publish","hentry"],"acf":[],"yoast_head":"<!-- This site is optimized with the Yoast SEO plugin v27.1.1 - https:\/\/yoast.com\/product\/yoast-seo-wordpress\/ -->\n<title>Recuerdos Vivos, Concurso de Altar - Cardenas Markets<\/title>\n<meta name=\"robots\" content=\"index, follow, max-snippet:-1, max-image-preview:large, max-video-preview:-1\" \/>\n<link rel=\"canonical\" href=\"https:\/\/www.cardenasmarkets.com\/es\/recuerdos-vivos-concurso-de-altar\/\" \/>\n<meta property=\"og:locale\" content=\"es_ES\" \/>\n<meta property=\"og:type\" content=\"article\" \/>\n<meta property=\"og:title\" content=\"Recuerdos Vivos, Concurso de Altar - Cardenas Markets\" \/>\n<meta property=\"og:description\" content=\"Participa en nuestros Recuerdos Vivos: Concurso de Altar para el D\u00eda de los Muertos del 22 al 31 de Octubre.\" \/>\n<meta property=\"og:url\" content=\"https:\/\/www.cardenasmarkets.com\/es\/recuerdos-vivos-concurso-de-altar\/\" \/>\n<meta property=\"og:site_name\" content=\"Cardenas Markets\" \/>\n<meta property=\"article:modified_time\" content=\"2025-10-31T19:17:18+00:00\" \/>\n<meta property=\"og:image\" content=\"https:\/\/www.cardenasmarkets.com\/wp-content\/uploads\/papel-picado-altar-contest-decoration.png\" \/>\n\t<meta property=\"og:image:width\" content=\"1464\" \/>\n\t<meta property=\"og:image:height\" content=\"347\" \/>\n\t<meta property=\"og:image:type\" content=\"image\/png\" \/>\n<meta name=\"twitter:card\" content=\"summary_large_image\" \/>\n<meta name=\"twitter:label1\" content=\"Est. reading time\" \/>\n\t<meta name=\"twitter:data1\" content=\"4 minutos\" \/>\n<script type=\"application\/ld+json\" class=\"yoast-schema-graph\">{\"@context\":\"https:\/\/schema.org\",\"@graph\":[{\"@type\":\"WebPage\",\"@id\":\"https:\/\/www.cardenasmarkets.com\/es\/recuerdos-vivos-concurso-de-altar\/\",\"url\":\"https:\/\/www.cardenasmarkets.com\/es\/recuerdos-vivos-concurso-de-altar\/\",\"name\":\"Recuerdos Vivos, Concurso de Altar - Cardenas Markets\",\"isPartOf\":{\"@id\":\"https:\/\/www.cardenasmarkets.com\/es\/#website\"},\"primaryImageOfPage\":{\"@id\":\"https:\/\/www.cardenasmarkets.com\/es\/recuerdos-vivos-concurso-de-altar\/#primaryimage\"},\"image\":{\"@id\":\"https:\/\/www.cardenasmarkets.com\/es\/recuerdos-vivos-concurso-de-altar\/#primaryimage\"},\"thumbnailUrl\":\"https:\/\/www.cardenasmarkets.com\/wp-content\/uploads\/papel-picado-altar-contest-decoration.png\",\"datePublished\":\"2025-10-21T18:42:16+00:00\",\"dateModified\":\"2025-10-31T19:17:18+00:00\",\"breadcrumb\":{\"@id\":\"https:\/\/www.cardenasmarkets.com\/es\/recuerdos-vivos-concurso-de-altar\/#breadcrumb\"},\"inLanguage\":\"es\",\"potentialAction\":[{\"@type\":\"ReadAction\",\"target\":[\"https:\/\/www.cardenasmarkets.com\/es\/recuerdos-vivos-concurso-de-altar\/\"]}]},{\"@type\":\"ImageObject\",\"inLanguage\":\"es\",\"@id\":\"https:\/\/www.cardenasmarkets.com\/es\/recuerdos-vivos-concurso-de-altar\/#primaryimage\",\"url\":\"https:\/\/www.cardenasmarkets.com\/wp-content\/uploads\/papel-picado-altar-contest-decoration.png\",\"contentUrl\":\"https:\/\/www.cardenasmarkets.com\/wp-content\/uploads\/papel-picado-altar-contest-decoration.png\"},{\"@type\":\"BreadcrumbList\",\"@id\":\"https:\/\/www.cardenasmarkets.com\/es\/recuerdos-vivos-concurso-de-altar\/#breadcrumb\",\"itemListElement\":[{\"@type\":\"ListItem\",\"position\":1,\"name\":\"Home\",\"item\":\"https:\/\/www.cardenasmarkets.com\/es\/home-spanish\/\"},{\"@type\":\"ListItem\",\"position\":2,\"name\":\"Recuerdos Vivos, Concurso de Altar\"}]},{\"@type\":\"WebSite\",\"@id\":\"https:\/\/www.cardenasmarkets.com\/es\/#website\",\"url\":\"https:\/\/www.cardenasmarkets.com\/es\/\",\"name\":\"Cardenas Markets\",\"description\":\"\",\"potentialAction\":[{\"@type\":\"SearchAction\",\"target\":{\"@type\":\"EntryPoint\",\"urlTemplate\":\"https:\/\/www.cardenasmarkets.com\/es\/?s={search_term_string}\"},\"query-input\":{\"@type\":\"PropertyValueSpecification\",\"valueRequired\":true,\"valueName\":\"search_term_string\"}}],\"inLanguage\":\"es\"}]}<\/script>\n<!-- \/ Yoast SEO plugin. -->","yoast_head_json":{"title":"Recuerdos Vivos, Concurso de Altar - Cardenas Markets","robots":{"index":"index","follow":"follow","max-snippet":"max-snippet:-1","max-image-preview":"max-image-preview:large","max-video-preview":"max-video-preview:-1"},"canonical":"https:\/\/www.cardenasmarkets.com\/es\/recuerdos-vivos-concurso-de-altar\/","og_locale":"es_ES","og_type":"article","og_title":"Recuerdos Vivos, Concurso de Altar - Cardenas Markets","og_description":"Participa en nuestros Recuerdos Vivos: Concurso de Altar para el D\u00eda de los Muertos del 22 al 31 de Octubre.","og_url":"https:\/\/www.cardenasmarkets.com\/es\/recuerdos-vivos-concurso-de-altar\/","og_site_name":"Cardenas Markets","article_modified_time":"2025-10-31T19:17:18+00:00","og_image":[{"width":1464,"height":347,"url":"https:\/\/www.cardenasmarkets.com\/wp-content\/uploads\/papel-picado-altar-contest-decoration.png","type":"image\/png"}],"twitter_card":"summary_large_image","twitter_misc":{"Est. reading time":"4 minutos"},"schema":{"@context":"https:\/\/schema.org","@graph":[{"@type":"WebPage","@id":"https:\/\/www.cardenasmarkets.com\/es\/recuerdos-vivos-concurso-de-altar\/","url":"https:\/\/www.cardenasmarkets.com\/es\/recuerdos-vivos-concurso-de-altar\/","name":"Recuerdos Vivos, Concurso de Altar - Cardenas Markets","isPartOf":{"@id":"https:\/\/www.cardenasmarkets.com\/es\/#website"},"primaryImageOfPage":{"@id":"https:\/\/www.cardenasmarkets.com\/es\/recuerdos-vivos-concurso-de-altar\/#primaryimage"},"image":{"@id":"https:\/\/www.cardenasmarkets.com\/es\/recuerdos-vivos-concurso-de-altar\/#primaryimage"},"thumbnailUrl":"https:\/\/www.cardenasmarkets.com\/wp-content\/uploads\/papel-picado-altar-contest-decoration.png","datePublished":"2025-10-21T18:42:16+00:00","dateModified":"2025-10-31T19:17:18+00:00","breadcrumb":{"@id":"https:\/\/www.cardenasmarkets.com\/es\/recuerdos-vivos-concurso-de-altar\/#breadcrumb"},"inLanguage":"es","potentialAction":[{"@type":"ReadAction","target":["https:\/\/www.cardenasmarkets.com\/es\/recuerdos-vivos-concurso-de-altar\/"]}]},{"@type":"ImageObject","inLanguage":"es","@id":"https:\/\/www.cardenasmarkets.com\/es\/recuerdos-vivos-concurso-de-altar\/#primaryimage","url":"https:\/\/www.cardenasmarkets.com\/wp-content\/uploads\/papel-picado-altar-contest-decoration.png","contentUrl":"https:\/\/www.cardenasmarkets.com\/wp-content\/uploads\/papel-picado-altar-contest-decoration.png"},{"@type":"BreadcrumbList","@id":"https:\/\/www.cardenasmarkets.com\/es\/recuerdos-vivos-concurso-de-altar\/#breadcrumb","itemListElement":[{"@type":"ListItem","position":1,"name":"Home","item":"https:\/\/www.cardenasmarkets.com\/es\/home-spanish\/"},{"@type":"ListItem","position":2,"name":"Recuerdos Vivos, Concurso de Altar"}]},{"@type":"WebSite","@id":"https:\/\/www.cardenasmarkets.com\/es\/#website","url":"https:\/\/www.cardenasmarkets.com\/es\/","name":"Cardenas Markets","description":"","potentialAction":[{"@type":"SearchAction","target":{"@type":"EntryPoint","urlTemplate":"https:\/\/www.cardenasmarkets.com\/es\/?s={search_term_string}"},"query-input":{"@type":"PropertyValueSpecification","valueRequired":true,"valueName":"search_term_string"}}],"inLanguage":"es"}]}},"_links":{"self":[{"href":"https:\/\/www.cardenasmarkets.com\/es\/wp-json\/wp\/v2\/pages\/5077","targetHints":{"allow":["GET"]}}],"collection":[{"href":"https:\/\/www.cardenasmarkets.com\/es\/wp-json\/wp\/v2\/pages"}],"about":[{"href":"https:\/\/www.cardenasmarkets.com\/es\/wp-json\/wp\/v2\/types\/page"}],"author":[{"embeddable":true,"href":"https:\/\/www.cardenasmarkets.com\/es\/wp-json\/wp\/v2\/users\/8"}],"replies":[{"embeddable":true,"href":"https:\/\/www.cardenasmarkets.com\/es\/wp-json\/wp\/v2\/comments?post=5077"}],"version-history":[{"count":0,"href":"https:\/\/www.cardenasmarkets.com\/es\/wp-json\/wp\/v2\/pages\/5077\/revisions"}],"wp:attachment":[{"href":"https:\/\/www.cardenasmarkets.com\/es\/wp-json\/wp\/v2\/media?parent=5077"}],"curies":[{"name":"wp","href":"https:\/\/api.w.org\/{rel}","templated":true}]}}