{"id":3083,"date":"2023-05-03T07:16:28","date_gmt":"2023-05-03T14:16:28","guid":{"rendered":"https:\/\/www.cardenasmarkets.com\/?page_id=3083"},"modified":"2023-05-15T08:18:39","modified_gmt":"2023-05-15T15:18:39","slug":"mothers-day","status":"publish","type":"page","link":"https:\/\/www.cardenasmarkets.com\/es\/mothers-day\/","title":{"rendered":"D\u00eda de las madres"},"content":{"rendered":"\n<figure class=\"wp-block-image size-full\"><img loading=\"lazy\" decoding=\"async\" width=\"2560\" height=\"1504\" src=\"https:\/\/www.cardenasmarkets.com\/wp-content\/uploads\/mothers-day-sweeps-logo-header-1-scaled.jpg\" alt=\"Header image for Mother's Day Sweeps\" class=\"wp-image-3086\" srcset=\"https:\/\/www.cardenasmarkets.com\/wp-content\/uploads\/mothers-day-sweeps-logo-header-1-scaled.jpg 2560w, https:\/\/www.cardenasmarkets.com\/wp-content\/uploads\/mothers-day-sweeps-logo-header-1-768x451.jpg 768w, https:\/\/www.cardenasmarkets.com\/wp-content\/uploads\/mothers-day-sweeps-logo-header-1-1536x903.jpg 1536w, https:\/\/www.cardenasmarkets.com\/wp-content\/uploads\/mothers-day-sweeps-logo-header-1-2048x1204.jpg 2048w\" sizes=\"auto, (max-width: 2560px) 100vw, 2560px\" \/><\/figure>\n\n\n\n<div style=\"height:40px\" aria-hidden=\"true\" class=\"wp-block-spacer\"><\/div>\n\n\n\n<div class=\"wp-block-columns is-layout-flex wp-container-core-columns-is-layout-9d6595d7 wp-block-columns-is-layout-flex\">\n<div class=\"wp-block-column is-layout-flow wp-block-column-is-layout-flow\" style=\"flex-basis:33.33%\">\n<figure class=\"wp-block-image size-full\"><img loading=\"lazy\" decoding=\"async\" width=\"405\" height=\"680\" src=\"https:\/\/www.cardenasmarkets.com\/wp-content\/uploads\/mom-with-gift-card.png\" alt=\"Sweepstakes landing page graphic.\" class=\"wp-image-3088\"\/><\/figure>\n<\/div>\n\n\n\n<div class=\"wp-block-column is-layout-flow wp-block-column-is-layout-flow\" style=\"flex-basis:66.66%\">\n<h4 class=\"wp-block-heading\">\u00a1GRACIAS POR PARTICIPAR EN NUESTRO SORTEO DEL D\u00cdA DE LAS MADRES PARA LA OPORTUNIDAD DE GANAR UNA TARJETA DE REGALO DE $200!<\/h4>\n\n\n\n<p>Ahora que el per\u00edodo de registro ha terminado, seleccionaremos al azar a los ganadores, entre todos los formularios de inscripci\u00f3n. \u00a1La lista de ganadores se mostrar\u00e1 en esta p\u00e1gina muy pronto!<\/p>\n\n\n\n<p><strong>Expira:<\/strong> 14 de mayo de 2023<\/p>\n\n\n\n<p><strong>Elegibilidad:<\/strong> Este Sorteo est\u00e1 abierto a cualquier residente de California, Nevada o Arizona, que resida dentro de veinticinco (25) millas de un Cardenas Markets o de un Los Altos Ranch Market, Y por lo menos dieciocho (18) a\u00f1os de edad a partir del comienzo del Per\u00edodo del Sorteo.<\/p>\n\n\n\n<p><strong>Premios:<\/strong> Un total de siete (7) Participantes ganadores (\u00abGanadores\u00bb) ser\u00e1n seleccionados en este Sorteo.<\/p>\n<\/div>\n<\/div>\n\n\n\n<figure class=\"wp-block-image size-full\"><img loading=\"lazy\" decoding=\"async\" width=\"1620\" height=\"229\" src=\"https:\/\/www.cardenasmarkets.com\/wp-content\/uploads\/mothers-day-sweeps-sponsor-logos-SP.png\" alt=\"Mother's Day Sweeps Sponsor Logos\" class=\"wp-image-3096\" srcset=\"https:\/\/www.cardenasmarkets.com\/wp-content\/uploads\/mothers-day-sweeps-sponsor-logos-SP.png 1620w, https:\/\/www.cardenasmarkets.com\/wp-content\/uploads\/mothers-day-sweeps-sponsor-logos-SP-768x109.png 768w, https:\/\/www.cardenasmarkets.com\/wp-content\/uploads\/mothers-day-sweeps-sponsor-logos-SP-1536x217.png 1536w\" sizes=\"auto, (max-width: 1620px) 100vw, 1620px\" \/><\/figure>\n\n\n\n<iframe allow=\"autoplay\" sandbox=\"allow-modals allow-forms allow-scripts allow-same-origin allow-popups allow-top-navigation allow-top-navigation-by-user-activation allow-downloads allow-popups-to-escape-sandbox\" class=\"embed_frame\" loading=\"lazy\" src=\"about:blank\" data-src=\"https:\/\/a.pgtb.me\/w5xx8q?embed=2&#038;vOffset=0&#038;autoscroll_p=1\" frameBorder=\"0\" allowpaymentrequest allowfullscreen data-hj-allow-iframe><\/iframe><script>!function(){var e=document.getElementById(\"campaign-embed-code\");e||((e=document.createElement(\"SCRIPT\")).src=\"https:\/\/d1m2uzvk8r2fcn.cloudfront.net\/scripts\/embed-code\/1619046992.min.js\",e.id=\"campaign-embed-code\",document.body.appendChild(e))}()<\/script>\n","protected":false},"excerpt":{"rendered":"<p>\u00a1GRACIAS POR PARTICIPAR EN NUESTRO SORTEO DEL D\u00cdA DE LAS MADRES PARA LA OPORTUNIDAD DE GANAR UNA TARJETA DE REGALO DE $200! Ahora que el per\u00edodo de registro ha terminado, seleccionaremos al azar a los ganadores, entre todos los formularios de inscripci\u00f3n. \u00a1La lista de ganadores se mostrar\u00e1 en esta p\u00e1gina muy pronto! Expira: 14 [&hellip;]<\/p>\n","protected":false},"author":8,"featured_media":0,"parent":0,"menu_order":0,"comment_status":"closed","ping_status":"closed","template":"templates\/full-width.php","meta":{"_acf_changed":false,"inline_featured_image":false,"footnotes":""},"class_list":["post-3083","page","type-page","status-publish","hentry"],"acf":[],"yoast_head":"<!-- This site is optimized with the Yoast SEO plugin v27.1.1 - https:\/\/yoast.com\/product\/yoast-seo-wordpress\/ -->\n<title>D\u00eda de las madres - Cardenas Markets<\/title>\n<meta name=\"robots\" content=\"index, follow, max-snippet:-1, max-image-preview:large, max-video-preview:-1\" \/>\n<link rel=\"canonical\" href=\"https:\/\/www.cardenasmarkets.com\/mothers-day\/\" \/>\n<meta property=\"og:locale\" content=\"es_ES\" \/>\n<meta property=\"og:type\" content=\"article\" \/>\n<meta property=\"og:title\" content=\"D\u00eda de las madres - Cardenas Markets\" \/>\n<meta property=\"og:description\" content=\"\u00a1GRACIAS POR PARTICIPAR EN NUESTRO SORTEO DEL D\u00cdA DE LAS MADRES PARA LA OPORTUNIDAD DE GANAR UNA TARJETA DE REGALO DE $200! Ahora que el per\u00edodo de registro ha terminado, seleccionaremos al azar a los ganadores, entre todos los formularios de inscripci\u00f3n. \u00a1La lista de ganadores se mostrar\u00e1 en esta p\u00e1gina muy pronto! Expira: 14 [&hellip;]\" \/>\n<meta property=\"og:url\" content=\"https:\/\/www.cardenasmarkets.com\/mothers-day\/\" \/>\n<meta property=\"og:site_name\" content=\"Cardenas Markets\" \/>\n<meta property=\"article:modified_time\" content=\"2023-05-15T15:18:39+00:00\" \/>\n<meta property=\"og:image\" content=\"https:\/\/www.cardenasmarkets.com\/wp-content\/uploads\/mothers-day-sweeps-logo-header-1-scaled.jpg\" \/>\n\t<meta property=\"og:image:width\" content=\"2560\" \/>\n\t<meta property=\"og:image:height\" content=\"1504\" \/>\n\t<meta property=\"og:image:type\" content=\"image\/jpeg\" \/>\n<meta name=\"twitter:card\" content=\"summary_large_image\" \/>\n<meta name=\"twitter:label1\" content=\"Est. reading time\" \/>\n\t<meta name=\"twitter:data1\" content=\"1 minuto\" \/>\n<script type=\"application\/ld+json\" class=\"yoast-schema-graph\">{\"@context\":\"https:\/\/schema.org\",\"@graph\":[{\"@type\":\"WebPage\",\"@id\":\"https:\/\/www.cardenasmarkets.com\/mothers-day\/\",\"url\":\"https:\/\/www.cardenasmarkets.com\/mothers-day\/\",\"name\":\"D\u00eda de las madres - Cardenas Markets\",\"isPartOf\":{\"@id\":\"https:\/\/www.cardenasmarkets.com\/es\/#website\"},\"primaryImageOfPage\":{\"@id\":\"https:\/\/www.cardenasmarkets.com\/mothers-day\/#primaryimage\"},\"image\":{\"@id\":\"https:\/\/www.cardenasmarkets.com\/mothers-day\/#primaryimage\"},\"thumbnailUrl\":\"https:\/\/www.cardenasmarkets.com\/wp-content\/uploads\/mothers-day-sweeps-logo-header-1-scaled.jpg\",\"datePublished\":\"2023-05-03T14:16:28+00:00\",\"dateModified\":\"2023-05-15T15:18:39+00:00\",\"breadcrumb\":{\"@id\":\"https:\/\/www.cardenasmarkets.com\/mothers-day\/#breadcrumb\"},\"inLanguage\":\"es\",\"potentialAction\":[{\"@type\":\"ReadAction\",\"target\":[\"https:\/\/www.cardenasmarkets.com\/mothers-day\/\"]}]},{\"@type\":\"ImageObject\",\"inLanguage\":\"es\",\"@id\":\"https:\/\/www.cardenasmarkets.com\/mothers-day\/#primaryimage\",\"url\":\"https:\/\/www.cardenasmarkets.com\/wp-content\/uploads\/mothers-day-sweeps-logo-header-1-scaled.jpg\",\"contentUrl\":\"https:\/\/www.cardenasmarkets.com\/wp-content\/uploads\/mothers-day-sweeps-logo-header-1-scaled.jpg\"},{\"@type\":\"BreadcrumbList\",\"@id\":\"https:\/\/www.cardenasmarkets.com\/mothers-day\/#breadcrumb\",\"itemListElement\":[{\"@type\":\"ListItem\",\"position\":1,\"name\":\"Home\",\"item\":\"https:\/\/www.cardenasmarkets.com\/es\/home-spanish\/\"},{\"@type\":\"ListItem\",\"position\":2,\"name\":\"D\u00eda de las madres\"}]},{\"@type\":\"WebSite\",\"@id\":\"https:\/\/www.cardenasmarkets.com\/es\/#website\",\"url\":\"https:\/\/www.cardenasmarkets.com\/es\/\",\"name\":\"Cardenas Markets\",\"description\":\"\",\"potentialAction\":[{\"@type\":\"SearchAction\",\"target\":{\"@type\":\"EntryPoint\",\"urlTemplate\":\"https:\/\/www.cardenasmarkets.com\/es\/?s={search_term_string}\"},\"query-input\":{\"@type\":\"PropertyValueSpecification\",\"valueRequired\":true,\"valueName\":\"search_term_string\"}}],\"inLanguage\":\"es\"}]}<\/script>\n<!-- \/ Yoast SEO plugin. -->","yoast_head_json":{"title":"D\u00eda de las madres - Cardenas Markets","robots":{"index":"index","follow":"follow","max-snippet":"max-snippet:-1","max-image-preview":"max-image-preview:large","max-video-preview":"max-video-preview:-1"},"canonical":"https:\/\/www.cardenasmarkets.com\/mothers-day\/","og_locale":"es_ES","og_type":"article","og_title":"D\u00eda de las madres - Cardenas Markets","og_description":"\u00a1GRACIAS POR PARTICIPAR EN NUESTRO SORTEO DEL D\u00cdA DE LAS MADRES PARA LA OPORTUNIDAD DE GANAR UNA TARJETA DE REGALO DE $200! Ahora que el per\u00edodo de registro ha terminado, seleccionaremos al azar a los ganadores, entre todos los formularios de inscripci\u00f3n. \u00a1La lista de ganadores se mostrar\u00e1 en esta p\u00e1gina muy pronto! Expira: 14 [&hellip;]","og_url":"https:\/\/www.cardenasmarkets.com\/mothers-day\/","og_site_name":"Cardenas Markets","article_modified_time":"2023-05-15T15:18:39+00:00","og_image":[{"width":2560,"height":1504,"url":"https:\/\/www.cardenasmarkets.com\/wp-content\/uploads\/mothers-day-sweeps-logo-header-1-scaled.jpg","type":"image\/jpeg"}],"twitter_card":"summary_large_image","twitter_misc":{"Est. reading time":"1 minuto"},"schema":{"@context":"https:\/\/schema.org","@graph":[{"@type":"WebPage","@id":"https:\/\/www.cardenasmarkets.com\/mothers-day\/","url":"https:\/\/www.cardenasmarkets.com\/mothers-day\/","name":"D\u00eda de las madres - Cardenas Markets","isPartOf":{"@id":"https:\/\/www.cardenasmarkets.com\/es\/#website"},"primaryImageOfPage":{"@id":"https:\/\/www.cardenasmarkets.com\/mothers-day\/#primaryimage"},"image":{"@id":"https:\/\/www.cardenasmarkets.com\/mothers-day\/#primaryimage"},"thumbnailUrl":"https:\/\/www.cardenasmarkets.com\/wp-content\/uploads\/mothers-day-sweeps-logo-header-1-scaled.jpg","datePublished":"2023-05-03T14:16:28+00:00","dateModified":"2023-05-15T15:18:39+00:00","breadcrumb":{"@id":"https:\/\/www.cardenasmarkets.com\/mothers-day\/#breadcrumb"},"inLanguage":"es","potentialAction":[{"@type":"ReadAction","target":["https:\/\/www.cardenasmarkets.com\/mothers-day\/"]}]},{"@type":"ImageObject","inLanguage":"es","@id":"https:\/\/www.cardenasmarkets.com\/mothers-day\/#primaryimage","url":"https:\/\/www.cardenasmarkets.com\/wp-content\/uploads\/mothers-day-sweeps-logo-header-1-scaled.jpg","contentUrl":"https:\/\/www.cardenasmarkets.com\/wp-content\/uploads\/mothers-day-sweeps-logo-header-1-scaled.jpg"},{"@type":"BreadcrumbList","@id":"https:\/\/www.cardenasmarkets.com\/mothers-day\/#breadcrumb","itemListElement":[{"@type":"ListItem","position":1,"name":"Home","item":"https:\/\/www.cardenasmarkets.com\/es\/home-spanish\/"},{"@type":"ListItem","position":2,"name":"D\u00eda de las madres"}]},{"@type":"WebSite","@id":"https:\/\/www.cardenasmarkets.com\/es\/#website","url":"https:\/\/www.cardenasmarkets.com\/es\/","name":"Cardenas Markets","description":"","potentialAction":[{"@type":"SearchAction","target":{"@type":"EntryPoint","urlTemplate":"https:\/\/www.cardenasmarkets.com\/es\/?s={search_term_string}"},"query-input":{"@type":"PropertyValueSpecification","valueRequired":true,"valueName":"search_term_string"}}],"inLanguage":"es"}]}},"_links":{"self":[{"href":"https:\/\/www.cardenasmarkets.com\/es\/wp-json\/wp\/v2\/pages\/3083","targetHints":{"allow":["GET"]}}],"collection":[{"href":"https:\/\/www.cardenasmarkets.com\/es\/wp-json\/wp\/v2\/pages"}],"about":[{"href":"https:\/\/www.cardenasmarkets.com\/es\/wp-json\/wp\/v2\/types\/page"}],"author":[{"embeddable":true,"href":"https:\/\/www.cardenasmarkets.com\/es\/wp-json\/wp\/v2\/users\/8"}],"replies":[{"embeddable":true,"href":"https:\/\/www.cardenasmarkets.com\/es\/wp-json\/wp\/v2\/comments?post=3083"}],"version-history":[{"count":0,"href":"https:\/\/www.cardenasmarkets.com\/es\/wp-json\/wp\/v2\/pages\/3083\/revisions"}],"wp:attachment":[{"href":"https:\/\/www.cardenasmarkets.com\/es\/wp-json\/wp\/v2\/media?parent=3083"}],"curies":[{"name":"wp","href":"https:\/\/api.w.org\/{rel}","templated":true}]}}