{"id":2340,"date":"2022-07-20T17:32:33","date_gmt":"2022-07-21T00:32:33","guid":{"rendered":"https:\/\/www.cardenasmarkets.com\/?page_id=2340"},"modified":"2022-07-20T17:34:21","modified_gmt":"2022-07-21T00:34:21","slug":"programas-de-caridad","status":"publish","type":"page","link":"https:\/\/www.cardenasmarkets.com\/es\/programas-de-caridad\/","title":{"rendered":"Programas de Caridad"},"content":{"rendered":"\n<h4 class=\"wp-block-heading\">Pol\u00edtica de donaci\u00f3nes monetarias<\/h4>\n\n\n\n<p>Las organizaciones deben cumplir con los siguientes criterios para ser consideradas para recibir una donaci\u00f3n monetaria de la Fundaci\u00f3n Cardenas Markets:<\/p>\n\n\n\n<ul class=\"wp-block-list\"><li>Ser organizaci\u00f3n sin fines de lucro, 501(c)(3) exenta de impuestos<\/li><li>Ser organizaci\u00f3n que atiende a las comunidades donde opera Cardenas Markets<\/li><li>La solicitud debe enviarse con al menos 30 d\u00edas de anticipo en papel con membrete de la organizaci\u00f3n e incluir el n\u00famero de identificaci\u00f3n de impuestos<\/li><\/ul>\n\n\n\n<p><strong>Por favor, env\u00ede las solicitudes por correo electr\u00f3nico a foundation@cmkts.com<\/strong><\/p>\n\n\n\n<div style=\"height:40px\" aria-hidden=\"true\" class=\"wp-block-spacer\"><\/div>\n\n\n\n<h4 class=\"wp-block-heading\">Contribuciones de productos o tarjetas de regalo (Donaci\u00f3n In-Kind)<\/h4>\n\n\n\n<p>Este tipo de donativos se manejan en nuestras tiendas. Las organizaciones que solicitan donaciones de productos o tarjetas de regalo deben cumplir con los siguientes criterios para calificar para una donaci\u00f3n de Cardenas Markets:<\/p>\n\n\n\n<ul class=\"wp-block-list\"><li>Ser organizaci\u00f3n sin fines de lucro, 501(c)(3) exenta de impuestos<\/li><li>Ser organizaci\u00f3n que atiende a las comunidades donde opera Cardenas Markets<\/li><li>La solicitud debe ser entregada con al menos 30 d\u00edas de anticipo en papel con membrete de la organizaci\u00f3n e incluir el n\u00famero de identificaci\u00f3n de impuestos<\/li><\/ul>\n\n\n\n<p><strong>Entregue su solicitud a un director de tienda, en la tienda y en persona<\/strong><\/p>\n\n\n\n<div style=\"height:40px\" aria-hidden=\"true\" class=\"wp-block-spacer\"><\/div>\n\n\n\n<figure class=\"wp-block-image size-full\"><img loading=\"lazy\" decoding=\"async\" width=\"1464\" height=\"918\" src=\"https:\/\/www.cardenasmarkets.com\/wp-content\/uploads\/backpack-giveaway-event.jpg\" alt=\"\" class=\"wp-image-1298\" srcset=\"https:\/\/www.cardenasmarkets.com\/wp-content\/uploads\/backpack-giveaway-event.jpg 1464w, https:\/\/www.cardenasmarkets.com\/wp-content\/uploads\/backpack-giveaway-event-768x482.jpg 768w\" sizes=\"auto, (max-width: 1464px) 100vw, 1464px\" \/><\/figure>\n\n\n\n<h4 class=\"wp-block-heading\">Solicitud de actividades o eventos de recaudaci\u00f3n de fondos en Cardenas Markets<\/h4>\n\n\n\n<p>Las organizaciones sin fines de lucro que soliciten realizar eventos en la propiedad de Cardenas Markets deben cumplir con los requisitos establecidos por el Equipo de Administraci\u00f3n de Propiedades de la compa\u00f1\u00eda, que pueden incluir:<\/p>\n\n\n\n<ul class=\"wp-block-list\"><li>Certificado de seguro<\/li><li>Liberaci\u00f3n ejecutada y acuerdo de indemnizaci\u00f3n<\/li><li>Consentimiento del propietario<\/li><\/ul>\n\n\n\n<p><\/p>\n\n\n\n<p><strong>Por favor, env\u00ede las solicitudes por correo electr\u00f3nico a foundation@cmkts.com<\/strong> <\/p>\n\n\n\n<p>Exclusiones:<\/p>\n\n\n\n<ul class=\"wp-block-list\"><li>Actividades u organizaciones pol\u00edticas<\/li><li>Organizaciones con fines de lucro<\/li><li>Patrocinios individuales<\/li><\/ul>\n","protected":false},"excerpt":{"rendered":"<p>Una p\u00e1gina para consultas sobre donaciones, recaudaciones de fondos, eventos comunitarios y alquileres de espacios en nuestras tiendas.<\/p>\n","protected":false},"author":8,"featured_media":0,"parent":0,"menu_order":0,"comment_status":"closed","ping_status":"closed","template":"","meta":{"_acf_changed":false,"inline_featured_image":false,"footnotes":""},"class_list":["post-2340","page","type-page","status-publish","hentry"],"acf":[],"yoast_head":"<!-- This site is optimized with the Yoast SEO plugin v27.4 - https:\/\/yoast.com\/product\/yoast-seo-wordpress\/ -->\n<title>Programas de Caridad - Cardenas Markets<\/title>\n<meta name=\"robots\" content=\"index, follow, max-snippet:-1, max-image-preview:large, max-video-preview:-1\" \/>\n<link rel=\"canonical\" href=\"https:\/\/www.cardenasmarkets.com\/cardenas-cares-contact-page\/\" \/>\n<meta property=\"og:locale\" content=\"es_ES\" \/>\n<meta property=\"og:type\" content=\"article\" \/>\n<meta property=\"og:title\" content=\"Programas de Caridad - Cardenas Markets\" \/>\n<meta property=\"og:description\" content=\"Una p\u00e1gina para consultas sobre donaciones, recaudaciones de fondos, eventos comunitarios y alquileres de espacios en nuestras tiendas.\" \/>\n<meta property=\"og:url\" content=\"https:\/\/www.cardenasmarkets.com\/cardenas-cares-contact-page\/\" \/>\n<meta property=\"og:site_name\" content=\"Cardenas Markets\" \/>\n<meta property=\"article:modified_time\" content=\"2022-07-21T00:34:21+00:00\" \/>\n<meta property=\"og:image\" content=\"https:\/\/www.cardenasmarkets.com\/wp-content\/uploads\/backpack-giveaway-event.jpg\" \/>\n\t<meta property=\"og:image:width\" content=\"1464\" \/>\n\t<meta property=\"og:image:height\" content=\"918\" \/>\n\t<meta property=\"og:image:type\" content=\"image\/jpeg\" \/>\n<meta name=\"twitter:card\" content=\"summary_large_image\" \/>\n<meta name=\"twitter:label1\" content=\"Est. reading time\" \/>\n\t<meta name=\"twitter:data1\" content=\"1 minuto\" \/>\n<script type=\"application\/ld+json\" class=\"yoast-schema-graph\">{\"@context\":\"https:\\\/\\\/schema.org\",\"@graph\":[{\"@type\":\"WebPage\",\"@id\":\"https:\\\/\\\/www.cardenasmarkets.com\\\/cardenas-cares-contact-page\\\/\",\"url\":\"https:\\\/\\\/www.cardenasmarkets.com\\\/cardenas-cares-contact-page\\\/\",\"name\":\"Programas de Caridad - Cardenas Markets\",\"isPartOf\":{\"@id\":\"https:\\\/\\\/www.cardenasmarkets.com\\\/es\\\/#website\"},\"primaryImageOfPage\":{\"@id\":\"https:\\\/\\\/www.cardenasmarkets.com\\\/cardenas-cares-contact-page\\\/#primaryimage\"},\"image\":{\"@id\":\"https:\\\/\\\/www.cardenasmarkets.com\\\/cardenas-cares-contact-page\\\/#primaryimage\"},\"thumbnailUrl\":\"https:\\\/\\\/www.cardenasmarkets.com\\\/wp-content\\\/uploads\\\/backpack-giveaway-event.jpg\",\"datePublished\":\"2022-07-21T00:32:33+00:00\",\"dateModified\":\"2022-07-21T00:34:21+00:00\",\"breadcrumb\":{\"@id\":\"https:\\\/\\\/www.cardenasmarkets.com\\\/cardenas-cares-contact-page\\\/#breadcrumb\"},\"inLanguage\":\"es\",\"potentialAction\":[{\"@type\":\"ReadAction\",\"target\":[\"https:\\\/\\\/www.cardenasmarkets.com\\\/cardenas-cares-contact-page\\\/\"]}]},{\"@type\":\"ImageObject\",\"inLanguage\":\"es\",\"@id\":\"https:\\\/\\\/www.cardenasmarkets.com\\\/cardenas-cares-contact-page\\\/#primaryimage\",\"url\":\"https:\\\/\\\/www.cardenasmarkets.com\\\/wp-content\\\/uploads\\\/backpack-giveaway-event.jpg\",\"contentUrl\":\"https:\\\/\\\/www.cardenasmarkets.com\\\/wp-content\\\/uploads\\\/backpack-giveaway-event.jpg\"},{\"@type\":\"BreadcrumbList\",\"@id\":\"https:\\\/\\\/www.cardenasmarkets.com\\\/cardenas-cares-contact-page\\\/#breadcrumb\",\"itemListElement\":[{\"@type\":\"ListItem\",\"position\":1,\"name\":\"Home\",\"item\":\"https:\\\/\\\/www.cardenasmarkets.com\\\/es\\\/\"},{\"@type\":\"ListItem\",\"position\":2,\"name\":\"Programas de Caridad\"}]},{\"@type\":\"WebSite\",\"@id\":\"https:\\\/\\\/www.cardenasmarkets.com\\\/es\\\/#website\",\"url\":\"https:\\\/\\\/www.cardenasmarkets.com\\\/es\\\/\",\"name\":\"Cardenas Markets\",\"description\":\"\",\"potentialAction\":[{\"@type\":\"SearchAction\",\"target\":{\"@type\":\"EntryPoint\",\"urlTemplate\":\"https:\\\/\\\/www.cardenasmarkets.com\\\/es\\\/?s={search_term_string}\"},\"query-input\":{\"@type\":\"PropertyValueSpecification\",\"valueRequired\":true,\"valueName\":\"search_term_string\"}}],\"inLanguage\":\"es\"}]}<\/script>\n<!-- \/ Yoast SEO plugin. -->","yoast_head_json":{"title":"Programas de Caridad - Cardenas Markets","robots":{"index":"index","follow":"follow","max-snippet":"max-snippet:-1","max-image-preview":"max-image-preview:large","max-video-preview":"max-video-preview:-1"},"canonical":"https:\/\/www.cardenasmarkets.com\/cardenas-cares-contact-page\/","og_locale":"es_ES","og_type":"article","og_title":"Programas de Caridad - Cardenas Markets","og_description":"Una p\u00e1gina para consultas sobre donaciones, recaudaciones de fondos, eventos comunitarios y alquileres de espacios en nuestras tiendas.","og_url":"https:\/\/www.cardenasmarkets.com\/cardenas-cares-contact-page\/","og_site_name":"Cardenas Markets","article_modified_time":"2022-07-21T00:34:21+00:00","og_image":[{"width":1464,"height":918,"url":"https:\/\/www.cardenasmarkets.com\/wp-content\/uploads\/backpack-giveaway-event.jpg","type":"image\/jpeg"}],"twitter_card":"summary_large_image","twitter_misc":{"Est. reading time":"1 minuto"},"schema":{"@context":"https:\/\/schema.org","@graph":[{"@type":"WebPage","@id":"https:\/\/www.cardenasmarkets.com\/cardenas-cares-contact-page\/","url":"https:\/\/www.cardenasmarkets.com\/cardenas-cares-contact-page\/","name":"Programas de Caridad - Cardenas Markets","isPartOf":{"@id":"https:\/\/www.cardenasmarkets.com\/es\/#website"},"primaryImageOfPage":{"@id":"https:\/\/www.cardenasmarkets.com\/cardenas-cares-contact-page\/#primaryimage"},"image":{"@id":"https:\/\/www.cardenasmarkets.com\/cardenas-cares-contact-page\/#primaryimage"},"thumbnailUrl":"https:\/\/www.cardenasmarkets.com\/wp-content\/uploads\/backpack-giveaway-event.jpg","datePublished":"2022-07-21T00:32:33+00:00","dateModified":"2022-07-21T00:34:21+00:00","breadcrumb":{"@id":"https:\/\/www.cardenasmarkets.com\/cardenas-cares-contact-page\/#breadcrumb"},"inLanguage":"es","potentialAction":[{"@type":"ReadAction","target":["https:\/\/www.cardenasmarkets.com\/cardenas-cares-contact-page\/"]}]},{"@type":"ImageObject","inLanguage":"es","@id":"https:\/\/www.cardenasmarkets.com\/cardenas-cares-contact-page\/#primaryimage","url":"https:\/\/www.cardenasmarkets.com\/wp-content\/uploads\/backpack-giveaway-event.jpg","contentUrl":"https:\/\/www.cardenasmarkets.com\/wp-content\/uploads\/backpack-giveaway-event.jpg"},{"@type":"BreadcrumbList","@id":"https:\/\/www.cardenasmarkets.com\/cardenas-cares-contact-page\/#breadcrumb","itemListElement":[{"@type":"ListItem","position":1,"name":"Home","item":"https:\/\/www.cardenasmarkets.com\/es\/"},{"@type":"ListItem","position":2,"name":"Programas de Caridad"}]},{"@type":"WebSite","@id":"https:\/\/www.cardenasmarkets.com\/es\/#website","url":"https:\/\/www.cardenasmarkets.com\/es\/","name":"Cardenas Markets","description":"","potentialAction":[{"@type":"SearchAction","target":{"@type":"EntryPoint","urlTemplate":"https:\/\/www.cardenasmarkets.com\/es\/?s={search_term_string}"},"query-input":{"@type":"PropertyValueSpecification","valueRequired":true,"valueName":"search_term_string"}}],"inLanguage":"es"}]}},"_links":{"self":[{"href":"https:\/\/www.cardenasmarkets.com\/es\/wp-json\/wp\/v2\/pages\/2340","targetHints":{"allow":["GET"]}}],"collection":[{"href":"https:\/\/www.cardenasmarkets.com\/es\/wp-json\/wp\/v2\/pages"}],"about":[{"href":"https:\/\/www.cardenasmarkets.com\/es\/wp-json\/wp\/v2\/types\/page"}],"author":[{"embeddable":true,"href":"https:\/\/www.cardenasmarkets.com\/es\/wp-json\/wp\/v2\/users\/8"}],"replies":[{"embeddable":true,"href":"https:\/\/www.cardenasmarkets.com\/es\/wp-json\/wp\/v2\/comments?post=2340"}],"version-history":[{"count":0,"href":"https:\/\/www.cardenasmarkets.com\/es\/wp-json\/wp\/v2\/pages\/2340\/revisions"}],"wp:attachment":[{"href":"https:\/\/www.cardenasmarkets.com\/es\/wp-json\/wp\/v2\/media?parent=2340"}],"curies":[{"name":"wp","href":"https:\/\/api.w.org\/{rel}","templated":true}]}}