{"id":1801,"date":"2022-01-19T10:28:29","date_gmt":"2022-01-19T18:28:29","guid":{"rendered":"https:\/\/www.cardenasmarkets.com\/?page_id=1801"},"modified":"2026-01-20T19:10:32","modified_gmt":"2026-01-21T03:10:32","slug":"sorteo-el-gran-partido","status":"publish","type":"page","link":"https:\/\/www.cardenasmarkets.com\/es\/sorteo-el-gran-partido\/","title":{"rendered":"El Gran Partido de F\u00fatbol Americano"},"content":{"rendered":"\n<h3 class=\"wp-block-heading\">\u00a1Nuestro Sorteo del Gran Partido esta de regreso!<\/h3>\n\n\n\n<p>\u00a1Hola, aficionados al f\u00fatbol americano! Estamos encantados de ofrecerles una oportunidad incre\u00edble para mejorar su experiencia en el d\u00eda del Gran Partido. Imaginen relajarse con un televisor inteligente LG de 75 pulgadas, perfecto para disfrutar cada touchdown. Adem\u00e1s del televisor, pueden ganar una tarjeta de regalo de C\u00e1rdenas o Ranch Markets valorada en $100 para abastecerse de sus aperitivos y golosinas favoritas. Aqu\u00ed les compartimos la lista de premios:<\/p>\n\n\n\n<div style=\"height:25px\" aria-hidden=\"true\" class=\"wp-block-spacer\"><\/div>\n\n\n\n<p><strong>\u2022 Primer ganador:<\/strong>&nbsp;LG 75&#8243; TV + $100 Gift Card<\/p>\n\n\n\n<p><strong>\u2022 Segundo ganador:<\/strong>&nbsp;TCL 65&#8243; TV + $100 Gift Card<\/p>\n\n\n\n<p><strong>\u2022 Tercer ganador:<\/strong>&nbsp;TCL 65&#8243; TV + $100 Gift Card<\/p>\n\n\n\n<p><strong>\u2022 Cuarto ganador:<\/strong>&nbsp;TCL 65&#8243; TV + $100 Gift Card<\/p>\n\n\n\n<p><strong>\u2022 Quinto ganador:<\/strong>&nbsp;LG 55&#8243; TV + $100 Gift Card<\/p>\n\n\n\n<p><strong>\u2022 Sexto ganador:<\/strong>&nbsp;LG 55&#8243; TV + $100 Gift Card<\/p>\n\n\n\n<div style=\"height:25px\" aria-hidden=\"true\" class=\"wp-block-spacer\"><\/div>\n\n\n\n<p>\u00a1Participar es muy f\u00e1cil! Solo tienes que llenar nuestro formulario de inscripci\u00f3n digital y podr\u00e1s ser uno de nuestros seis afortunados ganadores.<\/p>\n\n\n\n<p>\u00a1Gracias por comprar con nosotros y disfruta de tu celebraci\u00f3n el D\u00eda del Gran Partido!<\/p>\n\n\n\n<p>Por favor, revisa las Reglas Oficiales antes de registrarse. <a href=\"https:\/\/www.cardenasmarkets.com\/wp-content\/uploads\/CM-LARM_Sweepstakes_Big-Game-Official-Rules_FINAL_1.8.26.pdf\"><strong>HAZ CLIC AQUI<\/strong><\/a><\/p>\n\n\n\n<div style=\"height:35px\" aria-hidden=\"true\" class=\"wp-block-spacer\"><\/div>\n\n\n<p>We have received all the entries for this sweepstakes. THANK YOU to everyone who has participated. A Winners List will be posted soon!  |  Hemos recibido todas las inscripciones para este sorteo. GRACIAS a todos los que han participado. \u00a1Muy pronto publicaremos la lista de ganadores!<\/p>\n\n\n<div style=\"height:50px\" aria-hidden=\"true\" class=\"wp-block-spacer\"><\/div>\n\n\n\n<p>Patrocinado por:<\/p>\n\n\n\n<figure class=\"wp-block-image size-full\"><img loading=\"lazy\" decoding=\"async\" width=\"1919\" height=\"234\" src=\"https:\/\/www.cardenasmarkets.com\/wp-content\/uploads\/big-game-sweepstakes-sponsor-logos.png\" alt=\"Big Game Sponsor Logos\" class=\"wp-image-5314\" srcset=\"https:\/\/www.cardenasmarkets.com\/wp-content\/uploads\/big-game-sweepstakes-sponsor-logos.png 1919w, https:\/\/www.cardenasmarkets.com\/wp-content\/uploads\/big-game-sweepstakes-sponsor-logos-768x94.png 768w, https:\/\/www.cardenasmarkets.com\/wp-content\/uploads\/big-game-sweepstakes-sponsor-logos-1536x187.png 1536w\" sizes=\"auto, (max-width: 1919px) 100vw, 1919px\" \/><\/figure>\n\n\n\n<div style=\"height:100px\" aria-hidden=\"true\" class=\"wp-block-spacer\"><\/div>\n\n\n\n<p><strong><strong>NO PURCHASE OR PAYMENT OF ANY KIND IS NECESSARY TO ENTER OR WIN THIS&nbsp;SWEEPSTAKES. A PURCHASE WILL NOT IMPROVE YOUR CHANCES OF WINNING.&nbsp;VOID&nbsp;WHERE&nbsp;PROHIBITED BY LAW. ALL FEDERAL, STATE AND LOCAL LAWS, RULES AND REGULATIONS APPLY.<\/strong>&nbsp;<\/strong><\/p>\n\n\n\n<div style=\"height:35px\" aria-hidden=\"true\" class=\"wp-block-spacer\"><\/div>\n\n\n\n<p>Official&nbsp;digital&nbsp;entry for the Cardenas Markets LLC&nbsp;and Los Altos Ranch Market Acquisition,&nbsp;LLC&nbsp;&nbsp;(collectively&nbsp;\u201c<strong>Cardenas<\/strong>\u201d)&nbsp;Big Game Sweepstakes&nbsp;(the \u201c<strong>Sweepstakes<\/strong>\u201d)&nbsp;is&nbsp;available&nbsp;at&nbsp;<a href=\"http:\/\/www.cardenasmarkets.com\/big-game-sweepstakes\" target=\"_blank\" rel=\"noreferrer noopener\">www.cardenasmarkets.com\/big-game-sweepstakes<\/a>&nbsp;(\u201c<strong>Entry Site<\/strong>\u201d).&nbsp;Digital entry will be available beginning&nbsp;01\/21\/2026, at&nbsp;8:00 AM Pacific&nbsp;Standard&nbsp;Time&nbsp;(\u201c<strong>PST<\/strong>\u201d). All&nbsp;digital&nbsp;entries&nbsp;must be&nbsp;submitted&nbsp;by&nbsp;02\/01\/2026, at 12:00 PM&nbsp;PST&nbsp;(\u201c<strong>Sweepstakes&nbsp;Period<\/strong>\u201d). All&nbsp;digital&nbsp;entries&nbsp;received after 12:00 PM&nbsp;PST&nbsp;on&nbsp;02\/02\/2026&nbsp;shall be considered&nbsp;VOID and ineligible for&nbsp;prizes.&nbsp;Entrants are&nbsp;permitted&nbsp;one&nbsp;(1)&nbsp;submission during the&nbsp;Sweepstakes&nbsp;Period.&nbsp;Entrants who&nbsp;attempt&nbsp;mass&nbsp;entries,&nbsp;multiple&nbsp;entries&nbsp;or&nbsp;reproductions&nbsp;of entries&nbsp;shall&nbsp;render&nbsp;all&nbsp;of&nbsp;their&nbsp;entries&nbsp;void, resulting&nbsp;in&nbsp;the entrant\u2019s&nbsp;disqualification&nbsp;from&nbsp;the entire&nbsp;Sweepstakes. By entering this&nbsp;Sweepstakes, entrants&nbsp;accept and agree to the Official Rules&nbsp;(which can be found on the Entry Site),&nbsp;Cardenas\u2019&nbsp;Privacy&nbsp;Policy&nbsp;(<a href=\"http:\/\/www.cardensmarkets.com\/privacy_policy\" target=\"_blank\" rel=\"noreferrer noopener\">www.cardensmarkets.com\/privacy_policy<\/a>&nbsp;)&nbsp;and the decisions of&nbsp;the&nbsp;Sponsor, which shall be final in all matters.&nbsp;Employees of Cardenas Markets LLC,&nbsp;Los Altos Ranch Market Acquisition, LLC,&nbsp;Heritage Grocers Group, LLC&nbsp;and&nbsp;each of&nbsp;their immediate family members and sponsors are not eligible to enter this Sweepstakes.&nbsp;For&nbsp;all&nbsp;Official&nbsp;Rules&nbsp;and further details,&nbsp;please visit&nbsp;the&nbsp;Entry Site.&nbsp;<\/p>\n","protected":false},"excerpt":{"rendered":"<p>Del 21 de enero al 1 de febrero 12PM de 2026<\/p>\n","protected":false},"author":8,"featured_media":0,"parent":0,"menu_order":0,"comment_status":"closed","ping_status":"closed","template":"","meta":{"_acf_changed":true,"inline_featured_image":false,"footnotes":""},"class_list":["post-1801","page","type-page","status-publish","hentry"],"acf":[],"yoast_head":"<!-- This site is optimized with the Yoast SEO plugin v27.4 - https:\/\/yoast.com\/product\/yoast-seo-wordpress\/ -->\n<title>El Gran Partido de F\u00fatbol Americano - Cardenas Markets<\/title>\n<meta name=\"robots\" content=\"index, follow, max-snippet:-1, max-image-preview:large, max-video-preview:-1\" \/>\n<link rel=\"canonical\" href=\"https:\/\/www.cardenasmarkets.com\/es\/sorteo-el-gran-partido\/\" \/>\n<meta property=\"og:locale\" content=\"es_ES\" \/>\n<meta property=\"og:type\" content=\"article\" \/>\n<meta property=\"og:title\" content=\"El Gran Partido de F\u00fatbol Americano - Cardenas Markets\" \/>\n<meta property=\"og:description\" content=\"Del 21 de enero al 1 de febrero 12PM de 2026\" \/>\n<meta property=\"og:url\" content=\"https:\/\/www.cardenasmarkets.com\/es\/sorteo-el-gran-partido\/\" \/>\n<meta property=\"og:site_name\" content=\"Cardenas Markets\" \/>\n<meta property=\"article:modified_time\" content=\"2026-01-21T03:10:32+00:00\" \/>\n<meta property=\"og:image\" content=\"https:\/\/www.cardenasmarkets.com\/wp-content\/uploads\/big-game-sweepstakes-sponsor-logos.png\" \/>\n\t<meta property=\"og:image:width\" content=\"1919\" \/>\n\t<meta property=\"og:image:height\" content=\"234\" \/>\n\t<meta property=\"og:image:type\" content=\"image\/png\" \/>\n<meta name=\"twitter:card\" content=\"summary_large_image\" \/>\n<meta name=\"twitter:label1\" content=\"Est. reading time\" \/>\n\t<meta name=\"twitter:data1\" content=\"3 minutos\" \/>\n<script type=\"application\/ld+json\" class=\"yoast-schema-graph\">{\"@context\":\"https:\\\/\\\/schema.org\",\"@graph\":[{\"@type\":\"WebPage\",\"@id\":\"https:\\\/\\\/www.cardenasmarkets.com\\\/es\\\/sorteo-el-gran-partido\\\/\",\"url\":\"https:\\\/\\\/www.cardenasmarkets.com\\\/es\\\/sorteo-el-gran-partido\\\/\",\"name\":\"El Gran Partido de F\u00fatbol Americano - Cardenas Markets\",\"isPartOf\":{\"@id\":\"https:\\\/\\\/www.cardenasmarkets.com\\\/es\\\/#website\"},\"primaryImageOfPage\":{\"@id\":\"https:\\\/\\\/www.cardenasmarkets.com\\\/es\\\/sorteo-el-gran-partido\\\/#primaryimage\"},\"image\":{\"@id\":\"https:\\\/\\\/www.cardenasmarkets.com\\\/es\\\/sorteo-el-gran-partido\\\/#primaryimage\"},\"thumbnailUrl\":\"https:\\\/\\\/www.cardenasmarkets.com\\\/wp-content\\\/uploads\\\/big-game-sweepstakes-sponsor-logos.png\",\"datePublished\":\"2022-01-19T18:28:29+00:00\",\"dateModified\":\"2026-01-21T03:10:32+00:00\",\"breadcrumb\":{\"@id\":\"https:\\\/\\\/www.cardenasmarkets.com\\\/es\\\/sorteo-el-gran-partido\\\/#breadcrumb\"},\"inLanguage\":\"es\",\"potentialAction\":[{\"@type\":\"ReadAction\",\"target\":[\"https:\\\/\\\/www.cardenasmarkets.com\\\/es\\\/sorteo-el-gran-partido\\\/\"]}]},{\"@type\":\"ImageObject\",\"inLanguage\":\"es\",\"@id\":\"https:\\\/\\\/www.cardenasmarkets.com\\\/es\\\/sorteo-el-gran-partido\\\/#primaryimage\",\"url\":\"https:\\\/\\\/www.cardenasmarkets.com\\\/wp-content\\\/uploads\\\/big-game-sweepstakes-sponsor-logos.png\",\"contentUrl\":\"https:\\\/\\\/www.cardenasmarkets.com\\\/wp-content\\\/uploads\\\/big-game-sweepstakes-sponsor-logos.png\"},{\"@type\":\"BreadcrumbList\",\"@id\":\"https:\\\/\\\/www.cardenasmarkets.com\\\/es\\\/sorteo-el-gran-partido\\\/#breadcrumb\",\"itemListElement\":[{\"@type\":\"ListItem\",\"position\":1,\"name\":\"Home\",\"item\":\"https:\\\/\\\/www.cardenasmarkets.com\\\/es\\\/\"},{\"@type\":\"ListItem\",\"position\":2,\"name\":\"El Gran Partido de F\u00fatbol Americano\"}]},{\"@type\":\"WebSite\",\"@id\":\"https:\\\/\\\/www.cardenasmarkets.com\\\/es\\\/#website\",\"url\":\"https:\\\/\\\/www.cardenasmarkets.com\\\/es\\\/\",\"name\":\"Cardenas Markets\",\"description\":\"\",\"potentialAction\":[{\"@type\":\"SearchAction\",\"target\":{\"@type\":\"EntryPoint\",\"urlTemplate\":\"https:\\\/\\\/www.cardenasmarkets.com\\\/es\\\/?s={search_term_string}\"},\"query-input\":{\"@type\":\"PropertyValueSpecification\",\"valueRequired\":true,\"valueName\":\"search_term_string\"}}],\"inLanguage\":\"es\"}]}<\/script>\n<!-- \/ Yoast SEO plugin. -->","yoast_head_json":{"title":"El Gran Partido de F\u00fatbol Americano - Cardenas Markets","robots":{"index":"index","follow":"follow","max-snippet":"max-snippet:-1","max-image-preview":"max-image-preview:large","max-video-preview":"max-video-preview:-1"},"canonical":"https:\/\/www.cardenasmarkets.com\/es\/sorteo-el-gran-partido\/","og_locale":"es_ES","og_type":"article","og_title":"El Gran Partido de F\u00fatbol Americano - Cardenas Markets","og_description":"Del 21 de enero al 1 de febrero 12PM de 2026","og_url":"https:\/\/www.cardenasmarkets.com\/es\/sorteo-el-gran-partido\/","og_site_name":"Cardenas Markets","article_modified_time":"2026-01-21T03:10:32+00:00","og_image":[{"width":1919,"height":234,"url":"https:\/\/www.cardenasmarkets.com\/wp-content\/uploads\/big-game-sweepstakes-sponsor-logos.png","type":"image\/png"}],"twitter_card":"summary_large_image","twitter_misc":{"Est. reading time":"3 minutos"},"schema":{"@context":"https:\/\/schema.org","@graph":[{"@type":"WebPage","@id":"https:\/\/www.cardenasmarkets.com\/es\/sorteo-el-gran-partido\/","url":"https:\/\/www.cardenasmarkets.com\/es\/sorteo-el-gran-partido\/","name":"El Gran Partido de F\u00fatbol Americano - Cardenas Markets","isPartOf":{"@id":"https:\/\/www.cardenasmarkets.com\/es\/#website"},"primaryImageOfPage":{"@id":"https:\/\/www.cardenasmarkets.com\/es\/sorteo-el-gran-partido\/#primaryimage"},"image":{"@id":"https:\/\/www.cardenasmarkets.com\/es\/sorteo-el-gran-partido\/#primaryimage"},"thumbnailUrl":"https:\/\/www.cardenasmarkets.com\/wp-content\/uploads\/big-game-sweepstakes-sponsor-logos.png","datePublished":"2022-01-19T18:28:29+00:00","dateModified":"2026-01-21T03:10:32+00:00","breadcrumb":{"@id":"https:\/\/www.cardenasmarkets.com\/es\/sorteo-el-gran-partido\/#breadcrumb"},"inLanguage":"es","potentialAction":[{"@type":"ReadAction","target":["https:\/\/www.cardenasmarkets.com\/es\/sorteo-el-gran-partido\/"]}]},{"@type":"ImageObject","inLanguage":"es","@id":"https:\/\/www.cardenasmarkets.com\/es\/sorteo-el-gran-partido\/#primaryimage","url":"https:\/\/www.cardenasmarkets.com\/wp-content\/uploads\/big-game-sweepstakes-sponsor-logos.png","contentUrl":"https:\/\/www.cardenasmarkets.com\/wp-content\/uploads\/big-game-sweepstakes-sponsor-logos.png"},{"@type":"BreadcrumbList","@id":"https:\/\/www.cardenasmarkets.com\/es\/sorteo-el-gran-partido\/#breadcrumb","itemListElement":[{"@type":"ListItem","position":1,"name":"Home","item":"https:\/\/www.cardenasmarkets.com\/es\/"},{"@type":"ListItem","position":2,"name":"El Gran Partido de F\u00fatbol Americano"}]},{"@type":"WebSite","@id":"https:\/\/www.cardenasmarkets.com\/es\/#website","url":"https:\/\/www.cardenasmarkets.com\/es\/","name":"Cardenas Markets","description":"","potentialAction":[{"@type":"SearchAction","target":{"@type":"EntryPoint","urlTemplate":"https:\/\/www.cardenasmarkets.com\/es\/?s={search_term_string}"},"query-input":{"@type":"PropertyValueSpecification","valueRequired":true,"valueName":"search_term_string"}}],"inLanguage":"es"}]}},"_links":{"self":[{"href":"https:\/\/www.cardenasmarkets.com\/es\/wp-json\/wp\/v2\/pages\/1801","targetHints":{"allow":["GET"]}}],"collection":[{"href":"https:\/\/www.cardenasmarkets.com\/es\/wp-json\/wp\/v2\/pages"}],"about":[{"href":"https:\/\/www.cardenasmarkets.com\/es\/wp-json\/wp\/v2\/types\/page"}],"author":[{"embeddable":true,"href":"https:\/\/www.cardenasmarkets.com\/es\/wp-json\/wp\/v2\/users\/8"}],"replies":[{"embeddable":true,"href":"https:\/\/www.cardenasmarkets.com\/es\/wp-json\/wp\/v2\/comments?post=1801"}],"version-history":[{"count":0,"href":"https:\/\/www.cardenasmarkets.com\/es\/wp-json\/wp\/v2\/pages\/1801\/revisions"}],"wp:attachment":[{"href":"https:\/\/www.cardenasmarkets.com\/es\/wp-json\/wp\/v2\/media?parent=1801"}],"curies":[{"name":"wp","href":"https:\/\/api.w.org\/{rel}","templated":true}]}}