{"id":1586,"date":"2021-11-17T12:15:39","date_gmt":"2021-11-17T20:15:39","guid":{"rendered":"https:\/\/www.cardenasmarkets.com\/?page_id=1586"},"modified":"2026-02-16T16:22:55","modified_gmt":"2026-02-17T00:22:55","slug":"recetas-de-cuaresma","status":"publish","type":"page","link":"https:\/\/www.cardenasmarkets.com\/es\/recetas-de-cuaresma\/","title":{"rendered":"Recetario de Cuaresma"},"content":{"rendered":"\n<p>\u00a1Nuestro libro de recetas de Cuaresma ha regresado! Cocina durante la temporada con todos tus favoritos, incluyendo mojarra frita, ceviche de camar\u00f3n, chiles rellenos y mucho m\u00e1s. Este libro digital le dar\u00e1 m\u00e1s sabor a tus fiestas de temporada y te lo agradecer\u00e1n tus seres queridos. Con mucho cari\u00f1o lo compartimos contigo y gracias por ser cliente de Cardenas Markets.<\/p>\n\n\n\n<p><\/p>\n\n\n\n<p><strong>Selecciona tu recetario regional para leer y descargar en formato&nbsp;<strong>PDF<\/strong><\/strong>.<\/p>\n\n\n\n<div style=\"height:50px\" aria-hidden=\"true\" class=\"wp-block-spacer\"><\/div>\n\n\n<a href=\"https:\/\/www.cardenasmarkets.com\/wp-content\/uploads\/Cardenas-Recet-Cuaresma-2026G2.pdf\" role=\"button\" class=\"btn btn-primary\"  id=\"button-block_c7587e37c47bf217c78a6d43ee83fcc6\">\n\tRecetario de Cardenas Markets<\/a>\n\n\n\n<div style=\"height:30px\" aria-hidden=\"true\" class=\"wp-block-spacer\"><\/div>\n\n\n<a href=\"https:\/\/www.cardenasmarkets.com\/wp-content\/uploads\/Los-Altos-Recet-Cuaresma-2026G2.pdf\" role=\"button\" class=\"btn btn-primary\"  id=\"button-block_f8b3ea2cce7410f10cc192509ddf05c0\">\n\tRecetario de Ranch Market<\/a>\n\n\n\n<div style=\"height:30px\" aria-hidden=\"true\" class=\"wp-block-spacer\"><\/div>\n\n\n\n<div style=\"height:60px\" aria-hidden=\"true\" class=\"wp-block-spacer\"><\/div>\n\n\n\n<div style=\"height:155px\" aria-hidden=\"true\" class=\"wp-block-spacer\"><\/div>\n","protected":false},"excerpt":{"rendered":"<p>\u00a1Cocina con nosotros esta temporada de cuaresma! Obt\u00e9n una copia de nuestro recetario durante la temporada de cuaresma en nuestras tiendas (hasta agotar existencias), o descarga la versi\u00f3n digital a continuaci\u00f3n.<\/p>\n","protected":false},"author":8,"featured_media":0,"parent":0,"menu_order":0,"comment_status":"closed","ping_status":"closed","template":"","meta":{"_acf_changed":true,"inline_featured_image":false,"footnotes":""},"class_list":["post-1586","page","type-page","status-publish","hentry"],"acf":[],"yoast_head":"<!-- This site is optimized with the Yoast SEO plugin v27.4 - https:\/\/yoast.com\/product\/yoast-seo-wordpress\/ -->\n<title>Recetario de Cuaresma - Cardenas Markets<\/title>\n<meta name=\"robots\" content=\"index, follow, max-snippet:-1, max-image-preview:large, max-video-preview:-1\" \/>\n<link rel=\"canonical\" href=\"https:\/\/www.cardenasmarkets.com\/es\/recetas-de-cuaresma\/\" \/>\n<meta property=\"og:locale\" content=\"es_ES\" \/>\n<meta property=\"og:type\" content=\"article\" \/>\n<meta property=\"og:title\" content=\"Recetario de Cuaresma - Cardenas Markets\" \/>\n<meta property=\"og:description\" content=\"\u00a1Cocina con nosotros esta temporada de cuaresma! Obt\u00e9n una copia de nuestro recetario durante la temporada de cuaresma en nuestras tiendas (hasta agotar existencias), o descarga la versi\u00f3n digital a continuaci\u00f3n.\" \/>\n<meta property=\"og:url\" content=\"https:\/\/www.cardenasmarkets.com\/es\/recetas-de-cuaresma\/\" \/>\n<meta property=\"og:site_name\" content=\"Cardenas Markets\" \/>\n<meta property=\"article:modified_time\" content=\"2026-02-17T00:22:55+00:00\" \/>\n<meta name=\"twitter:card\" content=\"summary_large_image\" \/>\n<meta name=\"twitter:label1\" content=\"Est. reading time\" \/>\n\t<meta name=\"twitter:data1\" content=\"1 minuto\" \/>\n<script type=\"application\/ld+json\" class=\"yoast-schema-graph\">{\"@context\":\"https:\\\/\\\/schema.org\",\"@graph\":[{\"@type\":\"WebPage\",\"@id\":\"https:\\\/\\\/www.cardenasmarkets.com\\\/es\\\/recetas-de-cuaresma\\\/\",\"url\":\"https:\\\/\\\/www.cardenasmarkets.com\\\/es\\\/recetas-de-cuaresma\\\/\",\"name\":\"Recetario de Cuaresma - Cardenas Markets\",\"isPartOf\":{\"@id\":\"https:\\\/\\\/www.cardenasmarkets.com\\\/es\\\/#website\"},\"datePublished\":\"2021-11-17T20:15:39+00:00\",\"dateModified\":\"2026-02-17T00:22:55+00:00\",\"breadcrumb\":{\"@id\":\"https:\\\/\\\/www.cardenasmarkets.com\\\/es\\\/recetas-de-cuaresma\\\/#breadcrumb\"},\"inLanguage\":\"es\",\"potentialAction\":[{\"@type\":\"ReadAction\",\"target\":[\"https:\\\/\\\/www.cardenasmarkets.com\\\/es\\\/recetas-de-cuaresma\\\/\"]}]},{\"@type\":\"BreadcrumbList\",\"@id\":\"https:\\\/\\\/www.cardenasmarkets.com\\\/es\\\/recetas-de-cuaresma\\\/#breadcrumb\",\"itemListElement\":[{\"@type\":\"ListItem\",\"position\":1,\"name\":\"Home\",\"item\":\"https:\\\/\\\/www.cardenasmarkets.com\\\/es\\\/home-spanish\\\/\"},{\"@type\":\"ListItem\",\"position\":2,\"name\":\"Recetario de Cuaresma\"}]},{\"@type\":\"WebSite\",\"@id\":\"https:\\\/\\\/www.cardenasmarkets.com\\\/es\\\/#website\",\"url\":\"https:\\\/\\\/www.cardenasmarkets.com\\\/es\\\/\",\"name\":\"Cardenas Markets\",\"description\":\"\",\"potentialAction\":[{\"@type\":\"SearchAction\",\"target\":{\"@type\":\"EntryPoint\",\"urlTemplate\":\"https:\\\/\\\/www.cardenasmarkets.com\\\/es\\\/?s={search_term_string}\"},\"query-input\":{\"@type\":\"PropertyValueSpecification\",\"valueRequired\":true,\"valueName\":\"search_term_string\"}}],\"inLanguage\":\"es\"}]}<\/script>\n<!-- \/ Yoast SEO plugin. -->","yoast_head_json":{"title":"Recetario de Cuaresma - Cardenas Markets","robots":{"index":"index","follow":"follow","max-snippet":"max-snippet:-1","max-image-preview":"max-image-preview:large","max-video-preview":"max-video-preview:-1"},"canonical":"https:\/\/www.cardenasmarkets.com\/es\/recetas-de-cuaresma\/","og_locale":"es_ES","og_type":"article","og_title":"Recetario de Cuaresma - Cardenas Markets","og_description":"\u00a1Cocina con nosotros esta temporada de cuaresma! Obt\u00e9n una copia de nuestro recetario durante la temporada de cuaresma en nuestras tiendas (hasta agotar existencias), o descarga la versi\u00f3n digital a continuaci\u00f3n.","og_url":"https:\/\/www.cardenasmarkets.com\/es\/recetas-de-cuaresma\/","og_site_name":"Cardenas Markets","article_modified_time":"2026-02-17T00:22:55+00:00","twitter_card":"summary_large_image","twitter_misc":{"Est. reading time":"1 minuto"},"schema":{"@context":"https:\/\/schema.org","@graph":[{"@type":"WebPage","@id":"https:\/\/www.cardenasmarkets.com\/es\/recetas-de-cuaresma\/","url":"https:\/\/www.cardenasmarkets.com\/es\/recetas-de-cuaresma\/","name":"Recetario de Cuaresma - Cardenas Markets","isPartOf":{"@id":"https:\/\/www.cardenasmarkets.com\/es\/#website"},"datePublished":"2021-11-17T20:15:39+00:00","dateModified":"2026-02-17T00:22:55+00:00","breadcrumb":{"@id":"https:\/\/www.cardenasmarkets.com\/es\/recetas-de-cuaresma\/#breadcrumb"},"inLanguage":"es","potentialAction":[{"@type":"ReadAction","target":["https:\/\/www.cardenasmarkets.com\/es\/recetas-de-cuaresma\/"]}]},{"@type":"BreadcrumbList","@id":"https:\/\/www.cardenasmarkets.com\/es\/recetas-de-cuaresma\/#breadcrumb","itemListElement":[{"@type":"ListItem","position":1,"name":"Home","item":"https:\/\/www.cardenasmarkets.com\/es\/home-spanish\/"},{"@type":"ListItem","position":2,"name":"Recetario de Cuaresma"}]},{"@type":"WebSite","@id":"https:\/\/www.cardenasmarkets.com\/es\/#website","url":"https:\/\/www.cardenasmarkets.com\/es\/","name":"Cardenas Markets","description":"","potentialAction":[{"@type":"SearchAction","target":{"@type":"EntryPoint","urlTemplate":"https:\/\/www.cardenasmarkets.com\/es\/?s={search_term_string}"},"query-input":{"@type":"PropertyValueSpecification","valueRequired":true,"valueName":"search_term_string"}}],"inLanguage":"es"}]}},"_links":{"self":[{"href":"https:\/\/www.cardenasmarkets.com\/es\/wp-json\/wp\/v2\/pages\/1586","targetHints":{"allow":["GET"]}}],"collection":[{"href":"https:\/\/www.cardenasmarkets.com\/es\/wp-json\/wp\/v2\/pages"}],"about":[{"href":"https:\/\/www.cardenasmarkets.com\/es\/wp-json\/wp\/v2\/types\/page"}],"author":[{"embeddable":true,"href":"https:\/\/www.cardenasmarkets.com\/es\/wp-json\/wp\/v2\/users\/8"}],"replies":[{"embeddable":true,"href":"https:\/\/www.cardenasmarkets.com\/es\/wp-json\/wp\/v2\/comments?post=1586"}],"version-history":[{"count":0,"href":"https:\/\/www.cardenasmarkets.com\/es\/wp-json\/wp\/v2\/pages\/1586\/revisions"}],"wp:attachment":[{"href":"https:\/\/www.cardenasmarkets.com\/es\/wp-json\/wp\/v2\/media?parent=1586"}],"curies":[{"name":"wp","href":"https:\/\/api.w.org\/{rel}","templated":true}]}}