{"id":1464,"date":"2021-10-20T09:10:31","date_gmt":"2021-10-20T16:10:31","guid":{"rendered":"https:\/\/www.cardenasmarkets.com\/?page_id=1464"},"modified":"2024-11-04T11:41:14","modified_gmt":"2024-11-04T19:41:14","slug":"la-catrina-mas-catrina","status":"publish","type":"page","link":"https:\/\/www.cardenasmarkets.com\/es\/la-catrina-mas-catrina\/","title":{"rendered":"La Catrina M\u00e1s Catrina"},"content":{"rendered":"\n<div style=\"height:35px\" aria-hidden=\"true\" class=\"wp-block-spacer\"><\/div>\n\n\n\n<h4 class=\"wp-block-heading\">\u00a1Bienvenidos a nuestro concurso de fotograf\u00eda La Catrina M\u00e1s Catrina!<\/h4>\n\n\n\n<div style=\"height:45px\" aria-hidden=\"true\" class=\"wp-block-spacer\"><\/div>\n\n\n\n<p>\u00a1Celebra el D\u00eda de los Muertos para tener la oportunidad de ganar un premio incre\u00edble! Apl\u00edcate un maquillaje al estilo catrina, tomate un selfi y env\u00edanos tu foto para la oportunidad de ganar uno de los siguientes premios:<\/p>\n\n\n\n<div style=\"height:40px\" aria-hidden=\"true\" class=\"wp-block-spacer\"><\/div>\n\n\n\n<ul class=\"wp-block-list\">\n<li>Primer Lugar: $500 Tarjeta de Cardenas Markets<\/li>\n\n\n\n<li>Segundo Lugar: $400 Tarjeta de Cardenas Markets<\/li>\n\n\n\n<li>Tercer Lugar: $300 Tarjeta de Cardenas Markets<\/li>\n\n\n\n<li>Cuarto Lugar: $200 Tarjeta de Cardenas Markets<\/li>\n\n\n\n<li>Quinto Lugar: $100 Tarjeta de Cardenas Markets<\/li>\n\n\n\n<li>Sexto Lugar: $100 Tarjeta de Cardenas Markets<\/li>\n\n\n\n<li>S\u00e9ptimo Lugar: $100 Tarjeta de Cardenas Markets<\/li>\n<\/ul>\n\n\n\n<div style=\"height:50px\" aria-hidden=\"true\" class=\"wp-block-spacer\"><\/div>\n\n\n\n<p><strong>El Periodo de Concurso<\/strong> comienza el 21 de octubre de 2024 a las 8:00 a. m. PST y se extiende hasta el s\u00e1bado 2 de noviembre de 2024 a las 11:59 p. m. PST.<\/p>\n\n\n\n<p><strong>El Per\u00edodo de Votaci\u00f3n P\u00fablica<\/strong> comienza el domingo 3 de noviembre de 2024 a las 12:00 PM PST, y se extiende hasta el jueves 7 de noviembre de 2024, 12:00 PM PST. Este Voto P\u00fablico generar\u00e1 un Top 20 de Concursantes. Despl\u00e1cese hacia abajo para ver todas las presentaciones aprobadas.<\/p>\n\n\n\n<p><strong>Premiaci\u00f3n:<\/strong> Un panel del Equipo de Marketing de C\u00e1rdenas revisar\u00e1 las mejores (20) fotos de los concursantes seg\u00fan lo generado por el voto p\u00fablico. La selecci\u00f3n de los siete (7) ganadores principales comenzar\u00e1 el 7 de noviembre de 2024, a las 12:01 PM PST, y terminar\u00e1 el 7 de noviembre de 2024, a las 5:00 PM PST, con el anuncio de los ganadores sucediendo poco despu\u00e9s.<\/p>\n\n\n\n<div style=\"height:50px\" aria-hidden=\"true\" class=\"wp-block-spacer\"><\/div>\n\n\n\n<p class=\"has-text-align-left\"><strong>Patrocinado por:<\/strong><\/p>\n\n\n\n<figure class=\"wp-block-image size-full\"><img loading=\"lazy\" decoding=\"async\" width=\"1080\" height=\"150\" src=\"https:\/\/www.cardenasmarkets.com\/wp-content\/uploads\/CMKTS-Digital-La-Catrina-Logos.jpg\" alt=\"La Catrina Photo Contest Sponsor Logos\" class=\"wp-image-4144\" srcset=\"https:\/\/www.cardenasmarkets.com\/wp-content\/uploads\/CMKTS-Digital-La-Catrina-Logos.jpg 1080w, https:\/\/www.cardenasmarkets.com\/wp-content\/uploads\/CMKTS-Digital-La-Catrina-Logos-768x107.jpg 768w\" sizes=\"auto, (max-width: 1080px) 100vw, 1080px\" \/><\/figure>\n\n\n\n<div style=\"height:50px\" aria-hidden=\"true\" class=\"wp-block-spacer\"><\/div>\n\n\n\n<h4 class=\"wp-block-heading\">Formulario de env\u00edo de fotos<\/h4>\n\n\n\n<p>Carga y registra tu imagen a continuaci\u00f3n. Antes de enviar, <a href=\"https:\/\/www.cardenasmarkets.com\/wp-content\/uploads\/La-Catrina_Contest_Offical_Rules.pdf\">por favor, revisa las reglas oficiales<\/a><\/p>\n\n\n\n<iframe allow=\"autoplay\" sandbox=\"allow-modals allow-forms allow-scripts allow-same-origin allow-popups allow-top-navigation allow-top-navigation-by-user-activation allow-downloads allow-popups-to-escape-sandbox\" id=\"mDDCZ\" class=\"embed_frame\" loading=\"lazy\" src=\"https:\/\/m.cmpgn.page\/mDDCZ?embed=3&#038;script=1\" style=\"border:none;min-width:100%;height:6360px\" allowpaymentrequest allowfullscreen data-hj-allow-iframe><\/iframe>\n<script>!function(){var e=document.getElementById(\"campaign-embed-code\");e||((e=document.createElement(\"SCRIPT\")).src=\"https:\/\/d1m2uzvk8r2fcn.cloudfront.net\/scripts\/embed-code\/20230927\/embed.min.js\",e.id=\"campaign-embed-code\",document.body.appendChild(e))}()<\/script>\n\n\n\n<div style=\"height:100px\" aria-hidden=\"true\" class=\"wp-block-spacer\"><\/div>\n\n\n\n<p><\/p>\n","protected":false},"excerpt":{"rendered":"<p>Concurso de Fotograf\u00eda <\/p>\n","protected":false},"author":8,"featured_media":4136,"parent":0,"menu_order":0,"comment_status":"closed","ping_status":"closed","template":"templates\/full-width.php","meta":{"_acf_changed":false,"inline_featured_image":false,"footnotes":""},"class_list":["post-1464","page","type-page","status-publish","has-post-thumbnail","hentry"],"acf":[],"yoast_head":"<!-- This site is optimized with the Yoast SEO plugin v27.4 - https:\/\/yoast.com\/product\/yoast-seo-wordpress\/ -->\n<title>La Catrina M\u00e1s Catrina - Cardenas Markets<\/title>\n<meta name=\"robots\" content=\"index, follow, max-snippet:-1, max-image-preview:large, max-video-preview:-1\" \/>\n<link rel=\"canonical\" href=\"https:\/\/www.cardenasmarkets.com\/catrina-contest-2024\/\" \/>\n<meta property=\"og:locale\" content=\"es_ES\" \/>\n<meta property=\"og:type\" content=\"article\" \/>\n<meta property=\"og:title\" content=\"La Catrina M\u00e1s Catrina - Cardenas Markets\" \/>\n<meta property=\"og:description\" content=\"Concurso de Fotograf\u00eda\" \/>\n<meta property=\"og:url\" content=\"https:\/\/www.cardenasmarkets.com\/catrina-contest-2024\/\" \/>\n<meta property=\"og:site_name\" content=\"Cardenas Markets\" \/>\n<meta property=\"article:modified_time\" content=\"2024-11-04T19:41:14+00:00\" \/>\n<meta property=\"og:image\" content=\"https:\/\/www.cardenasmarkets.com\/wp-content\/uploads\/landingPgHeroImg.jpg\" \/>\n\t<meta property=\"og:image:width\" content=\"1464\" \/>\n\t<meta property=\"og:image:height\" content=\"918\" \/>\n\t<meta property=\"og:image:type\" content=\"image\/jpeg\" \/>\n<meta name=\"twitter:card\" content=\"summary_large_image\" \/>\n<meta name=\"twitter:label1\" content=\"Est. reading time\" \/>\n\t<meta name=\"twitter:data1\" content=\"1 minuto\" \/>\n<script type=\"application\/ld+json\" class=\"yoast-schema-graph\">{\"@context\":\"https:\\\/\\\/schema.org\",\"@graph\":[{\"@type\":\"WebPage\",\"@id\":\"https:\\\/\\\/www.cardenasmarkets.com\\\/catrina-contest-2024\\\/\",\"url\":\"https:\\\/\\\/www.cardenasmarkets.com\\\/catrina-contest-2024\\\/\",\"name\":\"La Catrina M\u00e1s Catrina - Cardenas Markets\",\"isPartOf\":{\"@id\":\"https:\\\/\\\/www.cardenasmarkets.com\\\/es\\\/#website\"},\"primaryImageOfPage\":{\"@id\":\"https:\\\/\\\/www.cardenasmarkets.com\\\/catrina-contest-2024\\\/#primaryimage\"},\"image\":{\"@id\":\"https:\\\/\\\/www.cardenasmarkets.com\\\/catrina-contest-2024\\\/#primaryimage\"},\"thumbnailUrl\":\"https:\\\/\\\/www.cardenasmarkets.com\\\/wp-content\\\/uploads\\\/landingPgHeroImg.jpg\",\"datePublished\":\"2021-10-20T16:10:31+00:00\",\"dateModified\":\"2024-11-04T19:41:14+00:00\",\"breadcrumb\":{\"@id\":\"https:\\\/\\\/www.cardenasmarkets.com\\\/catrina-contest-2024\\\/#breadcrumb\"},\"inLanguage\":\"es\",\"potentialAction\":[{\"@type\":\"ReadAction\",\"target\":[\"https:\\\/\\\/www.cardenasmarkets.com\\\/catrina-contest-2024\\\/\"]}]},{\"@type\":\"ImageObject\",\"inLanguage\":\"es\",\"@id\":\"https:\\\/\\\/www.cardenasmarkets.com\\\/catrina-contest-2024\\\/#primaryimage\",\"url\":\"https:\\\/\\\/www.cardenasmarkets.com\\\/wp-content\\\/uploads\\\/landingPgHeroImg.jpg\",\"contentUrl\":\"https:\\\/\\\/www.cardenasmarkets.com\\\/wp-content\\\/uploads\\\/landingPgHeroImg.jpg\",\"width\":1464,\"height\":918,\"caption\":\"La Catrina Contest Feature Image\"},{\"@type\":\"BreadcrumbList\",\"@id\":\"https:\\\/\\\/www.cardenasmarkets.com\\\/catrina-contest-2024\\\/#breadcrumb\",\"itemListElement\":[{\"@type\":\"ListItem\",\"position\":1,\"name\":\"Home\",\"item\":\"https:\\\/\\\/www.cardenasmarkets.com\\\/es\\\/home-spanish\\\/\"},{\"@type\":\"ListItem\",\"position\":2,\"name\":\"La Catrina M\u00e1s Catrina\"}]},{\"@type\":\"WebSite\",\"@id\":\"https:\\\/\\\/www.cardenasmarkets.com\\\/es\\\/#website\",\"url\":\"https:\\\/\\\/www.cardenasmarkets.com\\\/es\\\/\",\"name\":\"Cardenas Markets\",\"description\":\"\",\"potentialAction\":[{\"@type\":\"SearchAction\",\"target\":{\"@type\":\"EntryPoint\",\"urlTemplate\":\"https:\\\/\\\/www.cardenasmarkets.com\\\/es\\\/?s={search_term_string}\"},\"query-input\":{\"@type\":\"PropertyValueSpecification\",\"valueRequired\":true,\"valueName\":\"search_term_string\"}}],\"inLanguage\":\"es\"}]}<\/script>\n<!-- \/ Yoast SEO plugin. -->","yoast_head_json":{"title":"La Catrina M\u00e1s Catrina - Cardenas Markets","robots":{"index":"index","follow":"follow","max-snippet":"max-snippet:-1","max-image-preview":"max-image-preview:large","max-video-preview":"max-video-preview:-1"},"canonical":"https:\/\/www.cardenasmarkets.com\/catrina-contest-2024\/","og_locale":"es_ES","og_type":"article","og_title":"La Catrina M\u00e1s Catrina - Cardenas Markets","og_description":"Concurso de Fotograf\u00eda","og_url":"https:\/\/www.cardenasmarkets.com\/catrina-contest-2024\/","og_site_name":"Cardenas Markets","article_modified_time":"2024-11-04T19:41:14+00:00","og_image":[{"width":1464,"height":918,"url":"https:\/\/www.cardenasmarkets.com\/wp-content\/uploads\/landingPgHeroImg.jpg","type":"image\/jpeg"}],"twitter_card":"summary_large_image","twitter_misc":{"Est. reading time":"1 minuto"},"schema":{"@context":"https:\/\/schema.org","@graph":[{"@type":"WebPage","@id":"https:\/\/www.cardenasmarkets.com\/catrina-contest-2024\/","url":"https:\/\/www.cardenasmarkets.com\/catrina-contest-2024\/","name":"La Catrina M\u00e1s Catrina - Cardenas Markets","isPartOf":{"@id":"https:\/\/www.cardenasmarkets.com\/es\/#website"},"primaryImageOfPage":{"@id":"https:\/\/www.cardenasmarkets.com\/catrina-contest-2024\/#primaryimage"},"image":{"@id":"https:\/\/www.cardenasmarkets.com\/catrina-contest-2024\/#primaryimage"},"thumbnailUrl":"https:\/\/www.cardenasmarkets.com\/wp-content\/uploads\/landingPgHeroImg.jpg","datePublished":"2021-10-20T16:10:31+00:00","dateModified":"2024-11-04T19:41:14+00:00","breadcrumb":{"@id":"https:\/\/www.cardenasmarkets.com\/catrina-contest-2024\/#breadcrumb"},"inLanguage":"es","potentialAction":[{"@type":"ReadAction","target":["https:\/\/www.cardenasmarkets.com\/catrina-contest-2024\/"]}]},{"@type":"ImageObject","inLanguage":"es","@id":"https:\/\/www.cardenasmarkets.com\/catrina-contest-2024\/#primaryimage","url":"https:\/\/www.cardenasmarkets.com\/wp-content\/uploads\/landingPgHeroImg.jpg","contentUrl":"https:\/\/www.cardenasmarkets.com\/wp-content\/uploads\/landingPgHeroImg.jpg","width":1464,"height":918,"caption":"La Catrina Contest Feature Image"},{"@type":"BreadcrumbList","@id":"https:\/\/www.cardenasmarkets.com\/catrina-contest-2024\/#breadcrumb","itemListElement":[{"@type":"ListItem","position":1,"name":"Home","item":"https:\/\/www.cardenasmarkets.com\/es\/home-spanish\/"},{"@type":"ListItem","position":2,"name":"La Catrina M\u00e1s Catrina"}]},{"@type":"WebSite","@id":"https:\/\/www.cardenasmarkets.com\/es\/#website","url":"https:\/\/www.cardenasmarkets.com\/es\/","name":"Cardenas Markets","description":"","potentialAction":[{"@type":"SearchAction","target":{"@type":"EntryPoint","urlTemplate":"https:\/\/www.cardenasmarkets.com\/es\/?s={search_term_string}"},"query-input":{"@type":"PropertyValueSpecification","valueRequired":true,"valueName":"search_term_string"}}],"inLanguage":"es"}]}},"_links":{"self":[{"href":"https:\/\/www.cardenasmarkets.com\/es\/wp-json\/wp\/v2\/pages\/1464","targetHints":{"allow":["GET"]}}],"collection":[{"href":"https:\/\/www.cardenasmarkets.com\/es\/wp-json\/wp\/v2\/pages"}],"about":[{"href":"https:\/\/www.cardenasmarkets.com\/es\/wp-json\/wp\/v2\/types\/page"}],"author":[{"embeddable":true,"href":"https:\/\/www.cardenasmarkets.com\/es\/wp-json\/wp\/v2\/users\/8"}],"replies":[{"embeddable":true,"href":"https:\/\/www.cardenasmarkets.com\/es\/wp-json\/wp\/v2\/comments?post=1464"}],"version-history":[{"count":0,"href":"https:\/\/www.cardenasmarkets.com\/es\/wp-json\/wp\/v2\/pages\/1464\/revisions"}],"wp:featuredmedia":[{"embeddable":true,"href":"https:\/\/www.cardenasmarkets.com\/es\/wp-json\/wp\/v2\/media\/4136"}],"wp:attachment":[{"href":"https:\/\/www.cardenasmarkets.com\/es\/wp-json\/wp\/v2\/media?parent=1464"}],"curies":[{"name":"wp","href":"https:\/\/api.w.org\/{rel}","templated":true}]}}