{"id":1358,"date":"2021-09-14T10:12:28","date_gmt":"2021-09-14T17:12:28","guid":{"rendered":"https:\/\/www.cardenasmarkets.com\/?page_id=1358"},"modified":"2025-09-30T08:47:17","modified_gmt":"2025-09-30T15:47:17","slug":"mes-de-la-herencia-hispana","status":"publish","type":"page","link":"https:\/\/www.cardenasmarkets.com\/es\/mes-de-la-herencia-hispana\/","title":{"rendered":"Mes de la Herencia Hispana"},"content":{"rendered":"\n<figure class=\"wp-block-image size-full\"><img loading=\"lazy\" decoding=\"async\" width=\"911\" height=\"50\" src=\"https:\/\/www.cardenasmarkets.com\/wp-content\/uploads\/flags-1.jpg\" alt=\"10 hispanic country flags\" class=\"wp-image-2476\" srcset=\"https:\/\/www.cardenasmarkets.com\/wp-content\/uploads\/flags-1.jpg 911w, https:\/\/www.cardenasmarkets.com\/wp-content\/uploads\/flags-1-768x42.jpg 768w\" sizes=\"auto, (max-width: 911px) 100vw, 911px\" \/><\/figure>\n\n\n\n<div style=\"height:35px\" aria-hidden=\"true\" class=\"wp-block-spacer\"><\/div>\n\n\n\n<p><\/p>\n\n\n\n<p>A lo largo del Mes de la Herencia Hispana, Cardenas Markets organizar\u00e1 sorteos de premios donde participantes pueden tener la opurtunidad de ganar art\u00edculos electr\u00f3nicos, productos dom\u00e9sticos, tarjetas de regalo, entre muchos m\u00e1s premios. \u00a1Habran 16 ganadores en total!<\/p>\n\n\n\n<p>LA INSCRIPCI\u00d3N EN EL SORTEO DEL MES DE LA HERENCIA HISPANA INICIA EL 15 DE SEPTIEMBRE, 2025 Y CONTINUAN HASTA EL 30 DE SEPTIEMBRE, 2025.<\/p>\n\n\n\n<figure class=\"wp-block-image size-full\"><img loading=\"lazy\" decoding=\"async\" width=\"1080\" height=\"540\" src=\"https:\/\/www.cardenasmarkets.com\/wp-content\/uploads\/CMKTS-Email-Blast-HHM-2025.jpg\" alt=\"\" class=\"wp-image-4879\" srcset=\"https:\/\/www.cardenasmarkets.com\/wp-content\/uploads\/CMKTS-Email-Blast-HHM-2025.jpg 1080w, https:\/\/www.cardenasmarkets.com\/wp-content\/uploads\/CMKTS-Email-Blast-HHM-2025-768x384.jpg 768w\" sizes=\"auto, (max-width: 1080px) 100vw, 1080px\" \/><\/figure>\n\n\n\n<p>Participa en nuestros sorteos todos los d\u00edas. La inscripci\u00f3n esta disponible en nuestra app Cardenas Rewards. Abre la app en tu tel\u00e9fono m\u00f3vil y sigue las instrucciones. Si aun no tienes nuestra app, desc\u00e1rgala aqu\u00ed:<\/p>\n\n\n<a href=\"http:\/\/qrco.de\/bej2Mr\" role=\"button\" class=\"btn btn-primary\"  id=\"button-block_60d3f431a82d225a5b8c9a68f8b2cdda\">\n\tCARDENAS REWARDS<\/a>\n\n\n<a href=\"https:\/\/qrco.de\/bemIeV\" role=\"button\" class=\"btn btn-primary\"  id=\"button-block_ce5b9041ebfbc800dfb912392dea0cf7\">\n\tRANCH MARKET REWARDS<\/a>\n\n\n\n<div style=\"height:25px\" aria-hidden=\"true\" class=\"wp-block-spacer\"><\/div>\n\n\n\n<h1 class=\"wp-block-heading\"><strong>A continuaci\u00f3n se presenta la lista de premios que se otorgar\u00e1n:<\/strong><\/h1>\n\n\n\n<p>Lunes, 15 de Septiembre, 2025 \u2013 Insignia\u2122 \u2013 55\u2033 Class F50 Series LED 4K UHD Smart Fire TV<br>Martes, 16 de Septiembre, 2025 \u2013 $100 Gift Card<br>Miercoles, 17 de Septiembre, 2025 \u2013 KooK Ceramic Nesting Bowls, with Lids<br>Jueves, 18 de Septiembre, 2025 \u2013 SIMPLETASTE Milk Frother, 4-in-1 Electric Milk Steamer<br>Viernes, 19 de Septiembre, 2025 \u2013 $50 Gift Card<br>Sabado, 20 de Septiembre, 2025 \u2013 JBL FLIP 5, Waterproof Portable Bluetooth Speaker<br>Domingo, 21 de Septiembre, 2025 \u2013 Knife Set, 15 Pcs Kitchen Knife Set with Block<br>Lunes, 22 de Septiembre, 2025 \u2013 $75 Gift Card<br>Martes, 23 de Septiembre, 2025 \u2013 Electric Food Warming Mat<br>Miercoles, 24 de Septiembre, 2025 \u2013 $50 Gift Card<br>Jueves, 25 de Septiembre, 2025 \u2013 Mixing Bowls with Airtight Lids Set, 26PCS<br>Viernes, 26 de Septiembre, 2025 \u2013 $75 Gift Card<br>Sabado, 27 de Septiembre, 2025 \u2013 Beats Solo 4 \u2013 Wireless Bluetooth On-Ear Headphones<br>Domingo, 28 de Septiembre, 2025 \u2013 $100 Gift Card<br>Lunes, 29 de Septiembre, 2025 \u2013 $150 Gift Card<br>Martes, 30 de Septiembrer, 2025 \u2013 Samsung \u2013 65\u201d Class DU6900 Series Crystal UHD 4K Smart Tizen TV (2024)<\/p>\n\n\n\n<div style=\"height:25px\" aria-hidden=\"true\" class=\"wp-block-spacer\"><\/div>\n\n\n\n<p class=\"has-text-align-left\"><a href=\"https:\/\/www.cardenasmarkets.com\/wp-content\/uploads\/Giveaway-Rules_Cardenas-HHM-2025.pdf\" target=\"_blank\" rel=\"noreferrer noopener\">CARDENAS MARKETS \u2014 CLICK HERE FOR OFFICIAL RULES&nbsp; |&nbsp; REGLAS OFICIALES<\/a><\/p>\n\n\n\n<p><a href=\"https:\/\/www.cardenasmarkets.com\/wp-content\/uploads\/Giveaway-Rules_LARM-HHM-2025.pdf\" target=\"_blank\" rel=\"noreferrer noopener\">LOS ALTOS RANCH MARKET \u2014 CLICK HERE FOR OFFICIAL RULES&nbsp; |&nbsp; REGLAS OFICIALES<\/a> <\/p>\n\n\n\n<div style=\"height:25px\" aria-hidden=\"true\" class=\"wp-block-spacer\"><\/div>\n\n\n\n<h4 class=\"wp-block-heading\">Lista de Ganadores:<\/h4>\n\n\n\n<div style=\"height:25px\" aria-hidden=\"true\" class=\"wp-block-spacer\"><\/div>\n\n\n\n<p><strong>D\u00eda 1 Ganadora de Cardenas:<\/strong>&nbsp;&nbsp;&nbsp;&nbsp;&nbsp;&nbsp;&nbsp;&nbsp;&nbsp;&nbsp;&nbsp;&nbsp;&nbsp;&nbsp;&nbsp;&nbsp;&nbsp;&nbsp;&nbsp;&nbsp;&nbsp;&nbsp;&nbsp; Alyssa W.<\/p>\n\n\n\n<p><strong>D\u00eda 1 Ganadora de Ranch Market:<\/strong>&nbsp;&nbsp;&nbsp;&nbsp;&nbsp;&nbsp;&nbsp;&nbsp;&nbsp;&nbsp;&nbsp;&nbsp;&nbsp;&nbsp; Keri G.<\/p>\n\n\n\n<p><strong>D\u00eda 2 Ganadora de Cardenas:<\/strong>&nbsp;&nbsp;&nbsp;&nbsp;&nbsp;&nbsp;&nbsp;&nbsp;&nbsp;&nbsp;&nbsp;&nbsp;&nbsp;&nbsp;&nbsp;&nbsp;&nbsp;&nbsp;&nbsp;&nbsp;&nbsp;&nbsp;&nbsp; Romy T.<\/p>\n\n\n\n<p><strong>D\u00eda 2 Ganadora de Ranch Market:<\/strong>&nbsp;&nbsp;&nbsp;&nbsp;&nbsp;&nbsp;&nbsp;&nbsp;&nbsp;&nbsp;&nbsp;&nbsp;&nbsp;&nbsp; Lucina S.<\/p>\n\n\n\n<p><strong>D\u00eda 3 Ganadora de Cardenas:<\/strong>&nbsp;&nbsp;&nbsp;&nbsp;&nbsp;&nbsp;&nbsp;&nbsp;&nbsp;&nbsp;&nbsp;&nbsp;&nbsp;&nbsp;&nbsp;&nbsp;&nbsp;&nbsp;&nbsp;&nbsp;&nbsp;&nbsp;&nbsp;Eva L.<\/p>\n\n\n\n<p><strong>D\u00eda 3 Ganadora de Ranch Market:<\/strong>&nbsp;&nbsp;&nbsp;&nbsp;&nbsp;&nbsp;&nbsp;&nbsp;&nbsp;&nbsp;&nbsp;&nbsp;&nbsp;&nbsp; Melissa L.<\/p>\n\n\n\n<p><strong>D\u00eda 4 Ganadora de Cardenas:<\/strong>&nbsp;&nbsp;&nbsp;&nbsp;&nbsp;&nbsp;&nbsp;&nbsp;&nbsp;&nbsp;&nbsp;&nbsp;&nbsp;&nbsp;&nbsp;&nbsp;&nbsp;&nbsp;&nbsp;&nbsp;&nbsp;&nbsp;Esperanza A.<\/p>\n\n\n\n<p><strong>D\u00eda 4 Ganadora de Ranch Market:<\/strong>&nbsp;&nbsp;&nbsp;&nbsp;&nbsp;&nbsp;&nbsp;&nbsp;&nbsp;&nbsp;&nbsp;&nbsp;Darlene H.<\/p>\n\n\n\n<p><strong><strong>D\u00eda 5 Ganadora de Cardenas:<\/strong><\/strong> &nbsp;&nbsp;&nbsp;&nbsp;&nbsp;&nbsp;&nbsp;&nbsp;&nbsp;&nbsp;&nbsp;&nbsp;&nbsp;&nbsp;&nbsp;&nbsp;&nbsp;&nbsp;&nbsp; Adrian D.<\/p>\n\n\n\n<p><strong><strong>D\u00eda 5 Ganadora de Ranch Market:<\/strong><\/strong> &nbsp;&nbsp;&nbsp;&nbsp;&nbsp;&nbsp;&nbsp;&nbsp;&nbsp; Dina S.<\/p>\n\n\n\n<p><strong><strong>D\u00eda 6 Ganadora de Cardenas:<\/strong><\/strong> &nbsp;&nbsp;&nbsp;&nbsp;&nbsp;&nbsp;&nbsp;&nbsp;&nbsp;&nbsp;&nbsp;&nbsp;&nbsp;&nbsp;&nbsp;&nbsp;&nbsp;Daniel H.<\/p>\n\n\n\n<p><strong><strong>D\u00eda 6 Ganadora de Ranch Market:<\/strong><\/strong>&nbsp;&nbsp;&nbsp;&nbsp;&nbsp;&nbsp;&nbsp;&nbsp;&nbsp; Yessenia G.<\/p>\n\n\n\n<p><strong><strong>D\u00eda 7 Ganadora de Cardenas:<\/strong><\/strong> &nbsp;&nbsp;&nbsp;&nbsp;&nbsp;&nbsp;&nbsp;&nbsp;&nbsp;&nbsp;&nbsp;&nbsp;&nbsp;&nbsp;&nbsp;&nbsp;&nbsp;Jose S.<\/p>\n\n\n\n<p><strong><strong>D\u00eda 7 Ganadora de Ranch Market:<\/strong><\/strong>&nbsp;&nbsp;&nbsp;&nbsp;&nbsp;&nbsp;&nbsp;&nbsp;&nbsp; Carolina M.<\/p>\n\n\n\n<p><strong><strong>D\u00eda 8 Ganadora de Cardenas:<\/strong><\/strong> &nbsp;&nbsp;&nbsp;&nbsp;&nbsp;&nbsp;&nbsp;&nbsp;&nbsp;&nbsp;&nbsp;&nbsp;&nbsp;&nbsp;&nbsp;&nbsp;&nbsp;Mariela T.<\/p>\n\n\n\n<p><strong><strong>D\u00eda 8 Ganadora de Ranch Market:<\/strong><\/strong>&nbsp;&nbsp;&nbsp;&nbsp;&nbsp;&nbsp;&nbsp;&nbsp; Blanca P.<\/p>\n\n\n\n<p><strong><strong>D\u00eda 9 Ganadora de Cardenas:<\/strong><\/strong> &nbsp;&nbsp;&nbsp;&nbsp;&nbsp;&nbsp;&nbsp;&nbsp;&nbsp;&nbsp;&nbsp;&nbsp;&nbsp;&nbsp;&nbsp;&nbsp;Heather Z.<\/p>\n\n\n\n<p><strong><strong>D\u00eda 9 Ganadora de Ranch Market:<\/strong><\/strong>&nbsp;&nbsp;&nbsp;&nbsp;&nbsp;&nbsp;&nbsp;&nbsp; Sandra G.<\/p>\n\n\n\n<p><strong><strong>D\u00eda 10 Ganadora de Cardenas:<\/strong><\/strong> &nbsp;&nbsp;&nbsp;&nbsp;&nbsp;&nbsp;&nbsp;&nbsp;&nbsp;&nbsp;&nbsp;&nbsp;&nbsp;&nbsp;&nbsp;&nbsp;&nbsp;Diana P.<\/p>\n\n\n\n<p><strong><strong>D\u00eda 10 Ganadora de Ranch Market:<\/strong><\/strong>&nbsp;&nbsp;&nbsp;&nbsp;&nbsp;&nbsp;&nbsp;&nbsp; Abdiel V.<\/p>\n\n\n\n<p><strong><strong>D\u00eda 11 Ganadora de Cardenas:<\/strong><\/strong> &nbsp;&nbsp;&nbsp;&nbsp;&nbsp;&nbsp;&nbsp;&nbsp;&nbsp;&nbsp;&nbsp;&nbsp;&nbsp;&nbsp;&nbsp;&nbsp;Vanessa O.<\/p>\n\n\n\n<p><strong><strong>D\u00eda 11 Ganadora de Ranch Market:<\/strong><\/strong>&nbsp;&nbsp;&nbsp;&nbsp;&nbsp;&nbsp;&nbsp;&nbsp; Edi P.<\/p>\n\n\n\n<p><strong><strong><strong>D\u00eda<\/strong><\/strong> 12 <strong><strong>Ganadora de Cardenas:<\/strong><\/strong><\/strong>\u00a0\u00a0\u00a0\u00a0\u00a0\u00a0\u00a0\u00a0\u00a0\u00a0\u00a0\u00a0\u00a0\u00a0\u00a0\u00a0Diana P.<\/p>\n\n\n\n<p><strong><strong><strong>D\u00eda<\/strong><\/strong> 12 <strong><strong>Ganadora de Ranch Market:<\/strong><\/strong><\/strong>\u00a0\u00a0\u00a0\u00a0\u00a0\u00a0\u00a0\u00a0\u00a0Cristal P.<\/p>\n\n\n\n<p><strong><strong><strong>D\u00eda<\/strong><\/strong> 13 <strong><strong>Ganadora de Cardenas:<\/strong><\/strong><\/strong>\u00a0\u00a0\u00a0\u00a0\u00a0\u00a0\u00a0\u00a0\u00a0\u00a0\u00a0\u00a0\u00a0\u00a0\u00a0\u00a0\u00a0Leslie M.<\/p>\n\n\n\n<p><strong><strong><strong>D\u00eda<\/strong><\/strong> 13 <strong><strong>Ganadora de Ranch Market:<\/strong><\/strong><\/strong>\u00a0\u00a0\u00a0\u00a0\u00a0\u00a0\u00a0\u00a0\u00a0\u00a0Mike C.<\/p>\n\n\n\n<p><strong><strong><strong>D\u00eda<\/strong><\/strong> 14 <strong><strong>Ganadora de Cardenas:<\/strong><\/strong><\/strong>\u00a0\u00a0\u00a0\u00a0\u00a0\u00a0\u00a0\u00a0\u00a0\u00a0\u00a0\u00a0\u00a0\u00a0\u00a0\u00a0Virginia M.<\/p>\n\n\n\n<p><strong><strong><strong>D\u00eda<\/strong><\/strong> 14 <strong><strong>Ganadora de Ranch Market:<\/strong><\/strong><\/strong>\u00a0\u00a0\u00a0\u00a0\u00a0\u00a0\u00a0\u00a0\u00a0Dina S.<\/p>\n\n\n\n<p><strong><strong><strong>D\u00eda<\/strong><\/strong> 15 <strong><strong>Ganadora de Cardenas:<\/strong><\/strong><\/strong>\u00a0\u00a0\u00a0\u00a0\u00a0\u00a0\u00a0\u00a0\u00a0\u00a0\u00a0\u00a0\u00a0\u00a0\u00a0\u00a0Yessica H.<\/p>\n\n\n\n<p><strong><strong><strong>D\u00eda<\/strong><\/strong> 15 <strong><strong>Ganadora de Ranch Market:<\/strong><\/strong><\/strong>\u00a0\u00a0\u00a0\u00a0\u00a0\u00a0\u00a0\u00a0\u00a0Lucia R.<\/p>\n\n\n\n<div style=\"height:35px\" aria-hidden=\"true\" class=\"wp-block-spacer\"><\/div>\n\n\n\n<figure class=\"wp-block-image size-full\"><img loading=\"lazy\" decoding=\"async\" width=\"911\" height=\"50\" src=\"https:\/\/www.cardenasmarkets.com\/wp-content\/uploads\/flags-2.jpg\" alt=\"10 Hispanic Flags\" class=\"wp-image-2478\" srcset=\"https:\/\/www.cardenasmarkets.com\/wp-content\/uploads\/flags-2.jpg 911w, https:\/\/www.cardenasmarkets.com\/wp-content\/uploads\/flags-2-768x42.jpg 768w\" sizes=\"auto, (max-width: 911px) 100vw, 911px\" \/><\/figure>\n\n\n\n<p><\/p>\n","protected":false},"excerpt":{"rendered":"<p>Celebrando la cultura hispana del 15 de septiembre al 15 de octubre de 2025<\/p>\n","protected":false},"author":8,"featured_media":0,"parent":0,"menu_order":0,"comment_status":"closed","ping_status":"closed","template":"","meta":{"_acf_changed":false,"inline_featured_image":false,"footnotes":""},"class_list":["post-1358","page","type-page","status-publish","hentry"],"acf":[],"yoast_head":"<!-- This site is optimized with the Yoast SEO plugin v27.4 - https:\/\/yoast.com\/product\/yoast-seo-wordpress\/ -->\n<title>Mes de la Herencia Hispana - Cardenas Markets<\/title>\n<meta name=\"robots\" content=\"index, follow, max-snippet:-1, max-image-preview:large, max-video-preview:-1\" \/>\n<link rel=\"canonical\" href=\"https:\/\/www.cardenasmarkets.com\/es\/mes-de-la-herencia-hispana\/\" \/>\n<meta property=\"og:locale\" content=\"es_ES\" \/>\n<meta property=\"og:type\" content=\"article\" \/>\n<meta property=\"og:title\" content=\"Mes de la Herencia Hispana - Cardenas Markets\" \/>\n<meta property=\"og:description\" content=\"Celebrando la cultura hispana del 15 de septiembre al 15 de octubre de 2025\" \/>\n<meta property=\"og:url\" content=\"https:\/\/www.cardenasmarkets.com\/es\/mes-de-la-herencia-hispana\/\" \/>\n<meta property=\"og:site_name\" content=\"Cardenas Markets\" \/>\n<meta property=\"article:modified_time\" content=\"2025-09-30T15:47:17+00:00\" \/>\n<meta property=\"og:image\" content=\"https:\/\/www.cardenasmarkets.com\/wp-content\/uploads\/flags-1.jpg\" \/>\n\t<meta property=\"og:image:width\" content=\"911\" \/>\n\t<meta property=\"og:image:height\" content=\"50\" \/>\n\t<meta property=\"og:image:type\" content=\"image\/jpeg\" \/>\n<meta name=\"twitter:card\" content=\"summary_large_image\" \/>\n<meta name=\"twitter:label1\" content=\"Est. reading time\" \/>\n\t<meta name=\"twitter:data1\" content=\"3 minutos\" \/>\n<script type=\"application\/ld+json\" class=\"yoast-schema-graph\">{\"@context\":\"https:\\\/\\\/schema.org\",\"@graph\":[{\"@type\":\"WebPage\",\"@id\":\"https:\\\/\\\/www.cardenasmarkets.com\\\/es\\\/mes-de-la-herencia-hispana\\\/\",\"url\":\"https:\\\/\\\/www.cardenasmarkets.com\\\/es\\\/mes-de-la-herencia-hispana\\\/\",\"name\":\"Mes de la Herencia Hispana - Cardenas Markets\",\"isPartOf\":{\"@id\":\"https:\\\/\\\/www.cardenasmarkets.com\\\/es\\\/#website\"},\"primaryImageOfPage\":{\"@id\":\"https:\\\/\\\/www.cardenasmarkets.com\\\/es\\\/mes-de-la-herencia-hispana\\\/#primaryimage\"},\"image\":{\"@id\":\"https:\\\/\\\/www.cardenasmarkets.com\\\/es\\\/mes-de-la-herencia-hispana\\\/#primaryimage\"},\"thumbnailUrl\":\"https:\\\/\\\/www.cardenasmarkets.com\\\/wp-content\\\/uploads\\\/flags-1.jpg\",\"datePublished\":\"2021-09-14T17:12:28+00:00\",\"dateModified\":\"2025-09-30T15:47:17+00:00\",\"breadcrumb\":{\"@id\":\"https:\\\/\\\/www.cardenasmarkets.com\\\/es\\\/mes-de-la-herencia-hispana\\\/#breadcrumb\"},\"inLanguage\":\"es\",\"potentialAction\":[{\"@type\":\"ReadAction\",\"target\":[\"https:\\\/\\\/www.cardenasmarkets.com\\\/es\\\/mes-de-la-herencia-hispana\\\/\"]}]},{\"@type\":\"ImageObject\",\"inLanguage\":\"es\",\"@id\":\"https:\\\/\\\/www.cardenasmarkets.com\\\/es\\\/mes-de-la-herencia-hispana\\\/#primaryimage\",\"url\":\"https:\\\/\\\/www.cardenasmarkets.com\\\/wp-content\\\/uploads\\\/flags-1.jpg\",\"contentUrl\":\"https:\\\/\\\/www.cardenasmarkets.com\\\/wp-content\\\/uploads\\\/flags-1.jpg\"},{\"@type\":\"BreadcrumbList\",\"@id\":\"https:\\\/\\\/www.cardenasmarkets.com\\\/es\\\/mes-de-la-herencia-hispana\\\/#breadcrumb\",\"itemListElement\":[{\"@type\":\"ListItem\",\"position\":1,\"name\":\"Home\",\"item\":\"https:\\\/\\\/www.cardenasmarkets.com\\\/es\\\/home-spanish\\\/\"},{\"@type\":\"ListItem\",\"position\":2,\"name\":\"Mes de la Herencia Hispana\"}]},{\"@type\":\"WebSite\",\"@id\":\"https:\\\/\\\/www.cardenasmarkets.com\\\/es\\\/#website\",\"url\":\"https:\\\/\\\/www.cardenasmarkets.com\\\/es\\\/\",\"name\":\"Cardenas Markets\",\"description\":\"\",\"potentialAction\":[{\"@type\":\"SearchAction\",\"target\":{\"@type\":\"EntryPoint\",\"urlTemplate\":\"https:\\\/\\\/www.cardenasmarkets.com\\\/es\\\/?s={search_term_string}\"},\"query-input\":{\"@type\":\"PropertyValueSpecification\",\"valueRequired\":true,\"valueName\":\"search_term_string\"}}],\"inLanguage\":\"es\"}]}<\/script>\n<!-- \/ Yoast SEO plugin. -->","yoast_head_json":{"title":"Mes de la Herencia Hispana - Cardenas Markets","robots":{"index":"index","follow":"follow","max-snippet":"max-snippet:-1","max-image-preview":"max-image-preview:large","max-video-preview":"max-video-preview:-1"},"canonical":"https:\/\/www.cardenasmarkets.com\/es\/mes-de-la-herencia-hispana\/","og_locale":"es_ES","og_type":"article","og_title":"Mes de la Herencia Hispana - Cardenas Markets","og_description":"Celebrando la cultura hispana del 15 de septiembre al 15 de octubre de 2025","og_url":"https:\/\/www.cardenasmarkets.com\/es\/mes-de-la-herencia-hispana\/","og_site_name":"Cardenas Markets","article_modified_time":"2025-09-30T15:47:17+00:00","og_image":[{"width":911,"height":50,"url":"https:\/\/www.cardenasmarkets.com\/wp-content\/uploads\/flags-1.jpg","type":"image\/jpeg"}],"twitter_card":"summary_large_image","twitter_misc":{"Est. reading time":"3 minutos"},"schema":{"@context":"https:\/\/schema.org","@graph":[{"@type":"WebPage","@id":"https:\/\/www.cardenasmarkets.com\/es\/mes-de-la-herencia-hispana\/","url":"https:\/\/www.cardenasmarkets.com\/es\/mes-de-la-herencia-hispana\/","name":"Mes de la Herencia Hispana - Cardenas Markets","isPartOf":{"@id":"https:\/\/www.cardenasmarkets.com\/es\/#website"},"primaryImageOfPage":{"@id":"https:\/\/www.cardenasmarkets.com\/es\/mes-de-la-herencia-hispana\/#primaryimage"},"image":{"@id":"https:\/\/www.cardenasmarkets.com\/es\/mes-de-la-herencia-hispana\/#primaryimage"},"thumbnailUrl":"https:\/\/www.cardenasmarkets.com\/wp-content\/uploads\/flags-1.jpg","datePublished":"2021-09-14T17:12:28+00:00","dateModified":"2025-09-30T15:47:17+00:00","breadcrumb":{"@id":"https:\/\/www.cardenasmarkets.com\/es\/mes-de-la-herencia-hispana\/#breadcrumb"},"inLanguage":"es","potentialAction":[{"@type":"ReadAction","target":["https:\/\/www.cardenasmarkets.com\/es\/mes-de-la-herencia-hispana\/"]}]},{"@type":"ImageObject","inLanguage":"es","@id":"https:\/\/www.cardenasmarkets.com\/es\/mes-de-la-herencia-hispana\/#primaryimage","url":"https:\/\/www.cardenasmarkets.com\/wp-content\/uploads\/flags-1.jpg","contentUrl":"https:\/\/www.cardenasmarkets.com\/wp-content\/uploads\/flags-1.jpg"},{"@type":"BreadcrumbList","@id":"https:\/\/www.cardenasmarkets.com\/es\/mes-de-la-herencia-hispana\/#breadcrumb","itemListElement":[{"@type":"ListItem","position":1,"name":"Home","item":"https:\/\/www.cardenasmarkets.com\/es\/home-spanish\/"},{"@type":"ListItem","position":2,"name":"Mes de la Herencia Hispana"}]},{"@type":"WebSite","@id":"https:\/\/www.cardenasmarkets.com\/es\/#website","url":"https:\/\/www.cardenasmarkets.com\/es\/","name":"Cardenas Markets","description":"","potentialAction":[{"@type":"SearchAction","target":{"@type":"EntryPoint","urlTemplate":"https:\/\/www.cardenasmarkets.com\/es\/?s={search_term_string}"},"query-input":{"@type":"PropertyValueSpecification","valueRequired":true,"valueName":"search_term_string"}}],"inLanguage":"es"}]}},"_links":{"self":[{"href":"https:\/\/www.cardenasmarkets.com\/es\/wp-json\/wp\/v2\/pages\/1358","targetHints":{"allow":["GET"]}}],"collection":[{"href":"https:\/\/www.cardenasmarkets.com\/es\/wp-json\/wp\/v2\/pages"}],"about":[{"href":"https:\/\/www.cardenasmarkets.com\/es\/wp-json\/wp\/v2\/types\/page"}],"author":[{"embeddable":true,"href":"https:\/\/www.cardenasmarkets.com\/es\/wp-json\/wp\/v2\/users\/8"}],"replies":[{"embeddable":true,"href":"https:\/\/www.cardenasmarkets.com\/es\/wp-json\/wp\/v2\/comments?post=1358"}],"version-history":[{"count":0,"href":"https:\/\/www.cardenasmarkets.com\/es\/wp-json\/wp\/v2\/pages\/1358\/revisions"}],"wp:attachment":[{"href":"https:\/\/www.cardenasmarkets.com\/es\/wp-json\/wp\/v2\/media?parent=1358"}],"curies":[{"name":"wp","href":"https:\/\/api.w.org\/{rel}","templated":true}]}}